{"id":990025,"date":"2021-04-19T17:19:46","date_gmt":"2021-04-19T16:19:46","guid":{"rendered":"https:\/\/qhhotels.pt\/promocoes\/"},"modified":"2023-02-17T14:08:17","modified_gmt":"2023-02-17T14:08:17","slug":"ofertas","status":"publish","type":"page","link":"https:\/\/qhhotels.pt\/en\/ofertas\/","title":{"rendered":"Offers"},"content":{"rendered":"<div class=\"vgblk-rw-wrapper limit-wrapper\">\n<h2>\n\tEarly Booking\n\t<\/h2>\n\t<p>Antecipe-se e reserve j\u00e1 o seu quarto ao melhor pre\u00e7o!<\/p>\n<p>Para reservas efectuadas com 60 dias de anteced\u00eancia oferecemos 10% de desconto sobre o valor do quarto seleccionado.<\/p>\n<h6>\n\t\t\t<a href=\"https:\/\/secure.guestcentric.net\/api\/bg\/book.php?apikey=506ec4af5e8a290ac4e71eefb8ac7c92&amp;s=default&amp;l=pt_PT\" title=\"RESERVE J\u00c1 \u2192\" target=\"_self\" rel=\"noopener\">\n\tRESERVE J\u00c1 \u2192\n\t\t\t<\/a>\n\t<\/h6>\n<h2>\n\tEstadia Longa\n\t<\/h2>\n\t<p>Quanto mais tempo passar na nossa companhia, mais recorda\u00e7\u00f5es levar\u00e1 consigo!<\/p>\n<p>Desfrute de uma estadia longa no nosso hotel e beneficie de um desconto de 10% na reserva de 10 ou mais noites.<\/p>\n<h6>\n\t\t\t<a href=\"https:\/\/secure.guestcentric.net\/api\/bg\/book.php?apikey=506ec4af5e8a290ac4e71eefb8ac7c92&amp;s=default&amp;l=pt_PT\" title=\"RESERVE J\u00c1 \u2192\" target=\"_self\" rel=\"noopener\">\n\tRESERVE J\u00c1 \u2192\n\t\t\t<\/a>\n\t<\/h6>\n<h2>\n\t\u26a1AUTUMN FLASH SALE\u26a1\n\t<\/h2>\n\t<p>Fique 3, Pague 2<\/p>\n<p>Aproveite a nossa oferta e desfrute de uma escapadinha de Outono ao melhor pre\u00e7o!<\/p>\n<p>Usufrua de uma noite gratuita na reserva de 3 ou mais noites.<\/p>\n<p>As crian\u00e7as at\u00e9 aos 11 anos s\u00e3o nossas convidadas, sendo a sua estadia gratuita (desde que partilhem o quarto com os adultos).<\/p>\nDetalhes:<br>\n\u2022 N\u00e3o acumul\u00e1vel com outras promo\u00e7\u00f5es em vigor.\n<p>Oferta exclusiva para reservas efetuadas atrav\u00e9s do site e\/ou do centro de atendimento, de 3 de Novembro a 15 de Dezembro de 2022.<\/p>\n<p>+351 233 917 530  \/\/&nbsp;<a href=\"mailto:reservas@qhhotels.pt\">reservas@qhhotels.pt<\/a><br>(Chamada para a rede fixa nacional)<\/p>\n<h6>\n\t\t\t<a href=\"https:\/\/secure.guestcentric.net\/api\/bg\/book.php?apikey=506ec4af5e8a290ac4e71eefb8ac7c92&amp;s=default&amp;l=pt_PT\" title=\"RESERVE J\u00c1 \u2192\" target=\"_self\" rel=\"noopener\">\n\tRESERVE J\u00c1 \u2192\n\t\t\t<\/a>\n\t<\/h6>\n<\/div><!-- .vgblk-rw-wrapper -->","protected":false},"excerpt":{"rendered":"<p>Early Booking Antecipe-se e reserve j\u00e1 o seu quarto ao melhor pre\u00e7o! Para reservas efectuadas com 60 dias de anteced\u00eancia oferecemos 10% de desconto sobre o valor do quarto seleccionado. RESERVE J\u00c1 \u2192 Estadia Longa Quanto mais tempo passar na nossa companhia, mais recorda\u00e7\u00f5es levar\u00e1 consigo! Desfrute de uma estadia longa no nosso hotel e&#8230;<\/p>\n","protected":false},"author":1,"featured_media":0,"parent":0,"menu_order":0,"comment_status":"closed","ping_status":"closed","template":"","meta":{"inline_featured_image":false,"footnotes":""},"class_list":["post-990025","page","type-page","status-publish","hentry"],"jetpack_sharing_enabled":true,"_links":{"self":[{"href":"https:\/\/qhhotels.pt\/en\/wp-json\/wp\/v2\/pages\/990025","targetHints":{"allow":["GET"]}}],"collection":[{"href":"https:\/\/qhhotels.pt\/en\/wp-json\/wp\/v2\/pages"}],"about":[{"href":"https:\/\/qhhotels.pt\/en\/wp-json\/wp\/v2\/types\/page"}],"author":[{"embeddable":true,"href":"https:\/\/qhhotels.pt\/en\/wp-json\/wp\/v2\/users\/1"}],"replies":[{"embeddable":true,"href":"https:\/\/qhhotels.pt\/en\/wp-json\/wp\/v2\/comments?post=990025"}],"version-history":[{"count":139,"href":"https:\/\/qhhotels.pt\/en\/wp-json\/wp\/v2\/pages\/990025\/revisions"}],"predecessor-version":[{"id":993519,"href":"https:\/\/qhhotels.pt\/en\/wp-json\/wp\/v2\/pages\/990025\/revisions\/993519"}],"wp:attachment":[{"href":"https:\/\/qhhotels.pt\/en\/wp-json\/wp\/v2\/media?parent=990025"}],"curies":[{"name":"wp","href":"https:\/\/api.w.org\/{rel}","templated":true}]}}