{"id":990037,"date":"2017-09-03T22:38:55","date_gmt":"2017-09-03T22:38:55","guid":{"rendered":"https:\/\/qhhotels.pt\/home\/"},"modified":"2025-07-17T15:43:58","modified_gmt":"2025-07-17T14:43:58","slug":"home","status":"publish","type":"page","link":"https:\/\/qhhotels.pt\/en\/","title":{"rendered":"Home"},"content":{"rendered":"<div class=\"vgblk-rw-wrapper limit-wrapper\">\n<h1>\n\tTHE MYSTICAL CONFLUENCE BETWEEN THE BEACH, THE MOUNTAINS, THE COUNTRYSIDE AND THE CITY!\n\t<\/h1>\n<h5>\n\t<b>Welcome to the QH Praia de Quiaios<\/b>\n\t<\/h5>\n\t<p>Located in Quiaios Beach, our hotel is the perfect place to relax, explore nature and escape from the stress of everyday life.<\/p>\n<p>Recently renovated, it has a professional and dedicated team at your disposal that will make your stay a memorable experience.<\/p>\n\t<a href=\"https:\/\/qhhotels.pt\/en\/alojamento\/\" target=\"_self\" role=\"button\">\n\t\t\t\t\tBOOK\n\t<\/a>\n<h2>\n\tServices\n\t<\/h2>\n\t<p>For all occasions<\/p>\n<h2>\n\tAccommodation\n\t<\/h2>\n\t<p>For quiet stays<\/p>\n\t<meta itemprop=\"datePublished\" content=\"2021-06-08\" \/><meta itemprop=\"dateModified\" content=\"2024-03-27\" \/><meta itemprop=\"headline\" content=\"TWIN\"\/><meta itemprop=\"name\" content=\"QH Hotels\"\/><meta itemprop=\"url\" content=\"https:\/\/qhhotels.pt\/en\/\"\/><meta itemprop=\"url\" content=\"https:\/\/qhhotels.pt\/wp-content\/uploads\/2021\/03\/logo-teste-final-cor.png\"\/><meta itemprop=\"url\" content=\"https:\/\/qhhotels.pt\/en\/author\/userquiaioshotel\/\" \/><meta itemprop=\"name\" content=\"userquiaioshotel\" \/><meta itemprop=\"url\" content=\"https:\/\/qhhotels.pt\/wp-content\/uploads\/2021\/06\/TWIN-202_0-scaled.jpg\" \/><meta itemprop=\"width\" content=\"2560\" \/><meta itemprop=\"height\" content=\"1707\" \/><meta itemprop=\"interactionType\" content=\"http:\/\/schema.org\/CommentAction\" \/><meta itemprop=\"userInteractionCount\" content=\"0\" \/>\t\n\t\t\t\t\t\t\t\t\t\t\t<a href=\"https:\/\/qhhotels.pt\/en\/rooms\/twin\/\" title=\"TWIN\">\n\t\t\t\t\t\t\t<img width=\"420\" height=\"323\" src=\"https:\/\/qhhotels.pt\/wp-content\/uploads\/2021\/06\/TWIN-202_0-420x323.jpg\" alt=\"\" decoding=\"async\" loading=\"lazy\" srcset=\"https:\/\/qhhotels.pt\/wp-content\/uploads\/2021\/06\/TWIN-202_0-420x323.jpg 420w, https:\/\/qhhotels.pt\/wp-content\/uploads\/2021\/06\/TWIN-202_0-1260x969.jpg 1260w, https:\/\/qhhotels.pt\/wp-content\/uploads\/2021\/06\/TWIN-202_0-630x484.jpg 630w, https:\/\/qhhotels.pt\/wp-content\/uploads\/2021\/06\/TWIN-202_0-840x646.jpg 840w, https:\/\/qhhotels.pt\/wp-content\/uploads\/2021\/06\/TWIN-202_0-315x242.jpg 315w\" sizes=\"auto, (min-width: 900px) 50vw, 100vw\" data-attachment-id=\"991379\" data-permalink=\"https:\/\/qhhotels.pt\/en\/rooms\/twin\/twin-202_0-2\/\" data-orig-file=\"https:\/\/qhhotels.pt\/wp-content\/uploads\/2021\/06\/TWIN-202_0-scaled.jpg\" data-orig-size=\"2560,1707\" data-comments-opened=\"0\" data-image-meta=\"{&quot;aperture&quot;:&quot;0&quot;,&quot;credit&quot;:&quot;&quot;,&quot;camera&quot;:&quot;&quot;,&quot;caption&quot;:&quot;&quot;,&quot;created_timestamp&quot;:&quot;0&quot;,&quot;copyright&quot;:&quot;&quot;,&quot;focal_length&quot;:&quot;0&quot;,&quot;iso&quot;:&quot;0&quot;,&quot;shutter_speed&quot;:&quot;0&quot;,&quot;title&quot;:&quot;&quot;,&quot;orientation&quot;:&quot;0&quot;}\" data-image-title=\"TWIN 202_0\" data-image-description=\"\" data-image-caption=\"\" data-medium-file=\"https:\/\/qhhotels.pt\/wp-content\/uploads\/2021\/06\/TWIN-202_0-300x200.jpg\" data-large-file=\"https:\/\/qhhotels.pt\/wp-content\/uploads\/2021\/06\/TWIN-202_0-1024x683.jpg\" \/>\t\t\t\t\t\t\tvamtam-theme-circle-post\t\t\t\t\t\t<\/a>\n\t\t\t\t\t\t\t\t<header>\n\t\t\t<h3>\n\t\t\t\t<a href=\"https:\/\/qhhotels.pt\/en\/rooms\/twin\/\" title=\"TWIN\">TWIN<\/a>\n\t\t\t<\/h3>\n\t<\/header>\n\t\t\t\t\t\t\n\t\t\t\tBright and cozy, this room has two single beds or one double bed, fully equipped private bathroom, air conditioning, minibar,&hellip;\t\t\t\n\t\t\t\t\t\t\n\t\t\t\t\t\t\tFrom: \t\t\t\t\t\t\t93.28 &euro;\n\t\t\t\t\t\t\t \/ Night\t\t\t\t\t\t\n\t\t\t\t<a href=\"https:\/\/qhhotels.pt\/en\/rooms\/twin\/\">CHECK AVAILABILITY<\/a>\n\t\tTWIN\t\n\t<meta itemprop=\"datePublished\" content=\"2021-06-08\" \/><meta itemprop=\"dateModified\" content=\"2024-03-27\" \/><meta itemprop=\"headline\" content=\"DOUBLE\"\/><meta itemprop=\"name\" content=\"QH Hotels\"\/><meta itemprop=\"url\" content=\"https:\/\/qhhotels.pt\/en\/\"\/><meta itemprop=\"url\" content=\"https:\/\/qhhotels.pt\/wp-content\/uploads\/2021\/03\/logo-teste-final-cor.png\"\/><meta itemprop=\"url\" content=\"https:\/\/qhhotels.pt\/en\/author\/userquiaioshotel\/\" \/><meta itemprop=\"name\" content=\"userquiaioshotel\" \/><meta itemprop=\"url\" content=\"https:\/\/qhhotels.pt\/wp-content\/uploads\/2021\/06\/Double-219_0-scaled.jpg\" \/><meta itemprop=\"width\" content=\"2560\" \/><meta itemprop=\"height\" content=\"1707\" \/><meta itemprop=\"interactionType\" content=\"http:\/\/schema.org\/CommentAction\" \/><meta itemprop=\"userInteractionCount\" content=\"0\" \/>\t\n\t\t\t\t\t\t\t\t\t\t\t<a href=\"https:\/\/qhhotels.pt\/en\/rooms\/duplo\/\" title=\"DOUBLE\">\n\t\t\t\t\t\t\t<img width=\"420\" height=\"323\" src=\"https:\/\/qhhotels.pt\/wp-content\/uploads\/2021\/06\/Double-219_0-420x323.jpg\" alt=\"\" decoding=\"async\" loading=\"lazy\" srcset=\"https:\/\/qhhotels.pt\/wp-content\/uploads\/2021\/06\/Double-219_0-420x323.jpg 420w, https:\/\/qhhotels.pt\/wp-content\/uploads\/2021\/06\/Double-219_0-1260x969.jpg 1260w, https:\/\/qhhotels.pt\/wp-content\/uploads\/2021\/06\/Double-219_0-630x484.jpg 630w, https:\/\/qhhotels.pt\/wp-content\/uploads\/2021\/06\/Double-219_0-840x646.jpg 840w, https:\/\/qhhotels.pt\/wp-content\/uploads\/2021\/06\/Double-219_0-315x242.jpg 315w\" sizes=\"auto, (min-width: 900px) 50vw, 100vw\" data-attachment-id=\"991229\" data-permalink=\"https:\/\/qhhotels.pt\/en\/rooms\/duplo\/double-219_0-2\/\" data-orig-file=\"https:\/\/qhhotels.pt\/wp-content\/uploads\/2021\/06\/Double-219_0-scaled.jpg\" data-orig-size=\"2560,1707\" data-comments-opened=\"0\" data-image-meta=\"{&quot;aperture&quot;:&quot;0&quot;,&quot;credit&quot;:&quot;&quot;,&quot;camera&quot;:&quot;&quot;,&quot;caption&quot;:&quot;&quot;,&quot;created_timestamp&quot;:&quot;0&quot;,&quot;copyright&quot;:&quot;&quot;,&quot;focal_length&quot;:&quot;0&quot;,&quot;iso&quot;:&quot;0&quot;,&quot;shutter_speed&quot;:&quot;0&quot;,&quot;title&quot;:&quot;&quot;,&quot;orientation&quot;:&quot;0&quot;}\" data-image-title=\"Double 219_0\" data-image-description=\"\" data-image-caption=\"\" data-medium-file=\"https:\/\/qhhotels.pt\/wp-content\/uploads\/2021\/06\/Double-219_0-300x200.jpg\" data-large-file=\"https:\/\/qhhotels.pt\/wp-content\/uploads\/2021\/06\/Double-219_0-1024x683.jpg\" \/>\t\t\t\t\t\t\tvamtam-theme-circle-post\t\t\t\t\t\t<\/a>\n\t\t\t\t\t\t\t\t<header>\n\t\t\t<h3>\n\t\t\t\t<a href=\"https:\/\/qhhotels.pt\/en\/rooms\/duplo\/\" title=\"DOUBLE\">DOUBLE<\/a>\n\t\t\t<\/h3>\n\t<\/header>\n\t\t\t\t\t\t\n\t\t\t\tBright and cozy, this room has one double bed, fully equipped private bathroom, air conditioning, minibar, LCD HD TV with&hellip;\t\t\t\n\t\t\t\t\t\t\n\t\t\t\t\t\t\tFrom: \t\t\t\t\t\t\t93.28 &euro;\n\t\t\t\t\t\t\t \/ Night\t\t\t\t\t\t\n\t\t\t\t<a href=\"https:\/\/qhhotels.pt\/en\/rooms\/duplo\/\">CHECK AVAILABILITY<\/a>\n\t\tDOUBLE\t\n\t<meta itemprop=\"datePublished\" content=\"2021-04-28\" \/><meta itemprop=\"dateModified\" content=\"2024-03-27\" \/><meta itemprop=\"headline\" content=\"SINGLE\"\/><meta itemprop=\"name\" content=\"QH Hotels\"\/><meta itemprop=\"url\" content=\"https:\/\/qhhotels.pt\/en\/\"\/><meta itemprop=\"url\" content=\"https:\/\/qhhotels.pt\/wp-content\/uploads\/2021\/03\/logo-teste-final-cor.png\"\/><meta itemprop=\"url\" content=\"https:\/\/qhhotels.pt\/en\/author\/userquiaioshotel\/\" \/><meta itemprop=\"name\" content=\"userquiaioshotel\" \/><meta itemprop=\"url\" content=\"https:\/\/qhhotels.pt\/wp-content\/uploads\/2021\/04\/Single-121_0-scaled.jpg\" \/><meta itemprop=\"width\" content=\"2560\" \/><meta itemprop=\"height\" content=\"1707\" \/><meta itemprop=\"interactionType\" content=\"http:\/\/schema.org\/CommentAction\" \/><meta itemprop=\"userInteractionCount\" content=\"0\" \/>\t\n\t\t\t\t\t\t\t\t\t\t\t<a href=\"https:\/\/qhhotels.pt\/en\/rooms\/single\/\" title=\"SINGLE\">\n\t\t\t\t\t\t\t<img width=\"420\" height=\"323\" src=\"https:\/\/qhhotels.pt\/wp-content\/uploads\/2021\/04\/Single-121_0-420x323.jpg\" alt=\"\" decoding=\"async\" loading=\"lazy\" srcset=\"https:\/\/qhhotels.pt\/wp-content\/uploads\/2021\/04\/Single-121_0-420x323.jpg 420w, https:\/\/qhhotels.pt\/wp-content\/uploads\/2021\/04\/Single-121_0-1260x969.jpg 1260w, https:\/\/qhhotels.pt\/wp-content\/uploads\/2021\/04\/Single-121_0-630x484.jpg 630w, https:\/\/qhhotels.pt\/wp-content\/uploads\/2021\/04\/Single-121_0-840x646.jpg 840w, https:\/\/qhhotels.pt\/wp-content\/uploads\/2021\/04\/Single-121_0-315x242.jpg 315w\" sizes=\"auto, (min-width: 900px) 50vw, 100vw\" data-attachment-id=\"991255\" data-permalink=\"https:\/\/qhhotels.pt\/en\/rooms\/single\/single-121_0-2\/\" data-orig-file=\"https:\/\/qhhotels.pt\/wp-content\/uploads\/2021\/04\/Single-121_0-scaled.jpg\" data-orig-size=\"2560,1707\" data-comments-opened=\"0\" data-image-meta=\"{&quot;aperture&quot;:&quot;0&quot;,&quot;credit&quot;:&quot;&quot;,&quot;camera&quot;:&quot;&quot;,&quot;caption&quot;:&quot;&quot;,&quot;created_timestamp&quot;:&quot;0&quot;,&quot;copyright&quot;:&quot;&quot;,&quot;focal_length&quot;:&quot;0&quot;,&quot;iso&quot;:&quot;0&quot;,&quot;shutter_speed&quot;:&quot;0&quot;,&quot;title&quot;:&quot;&quot;,&quot;orientation&quot;:&quot;0&quot;}\" data-image-title=\"Single 121_0\" data-image-description=\"\" data-image-caption=\"\" data-medium-file=\"https:\/\/qhhotels.pt\/wp-content\/uploads\/2021\/04\/Single-121_0-300x200.jpg\" data-large-file=\"https:\/\/qhhotels.pt\/wp-content\/uploads\/2021\/04\/Single-121_0-1024x683.jpg\" \/>\t\t\t\t\t\t\tvamtam-theme-circle-post\t\t\t\t\t\t<\/a>\n\t\t\t\t\t\t\t\t<header>\n\t\t\t<h3>\n\t\t\t\t<a href=\"https:\/\/qhhotels.pt\/en\/rooms\/single\/\" title=\"SINGLE\">SINGLE<\/a>\n\t\t\t<\/h3>\n\t<\/header>\n\t\t\t\t\t\t\n\t\t\t\tBright and cozy, this room has two single beds or one double bed, fully equipped private bathroom, air conditioning, minibar,&hellip;\t\t\t\n\t\t\t\t\t\t\n\t\t\t\t\t\t\tFrom: \t\t\t\t\t\t\t76.32 &euro;\n\t\t\t\t\t\t\t \/ Night\t\t\t\t\t\t\n\t\t\t\t<a href=\"https:\/\/qhhotels.pt\/en\/rooms\/single\/\">CHECK AVAILABILITY<\/a>\n\t\tSINGLE\t\n\t<meta itemprop=\"datePublished\" content=\"2021-04-28\" \/><meta itemprop=\"dateModified\" content=\"2024-03-27\" \/><meta itemprop=\"headline\" content=\"TRIPLE\"\/><meta itemprop=\"name\" content=\"QH Hotels\"\/><meta itemprop=\"url\" content=\"https:\/\/qhhotels.pt\/en\/\"\/><meta itemprop=\"url\" content=\"https:\/\/qhhotels.pt\/wp-content\/uploads\/2021\/03\/logo-teste-final-cor.png\"\/><meta itemprop=\"url\" content=\"https:\/\/qhhotels.pt\/en\/author\/userquiaioshotel\/\" \/><meta itemprop=\"name\" content=\"userquiaioshotel\" \/><meta itemprop=\"url\" content=\"https:\/\/qhhotels.pt\/wp-content\/uploads\/2021\/04\/Triplo-206_0-scaled.jpg\" \/><meta itemprop=\"width\" content=\"2560\" \/><meta itemprop=\"height\" content=\"1707\" \/><meta itemprop=\"interactionType\" content=\"http:\/\/schema.org\/CommentAction\" \/><meta itemprop=\"userInteractionCount\" content=\"0\" \/>\t\n\t\t\t\t\t\t\t\t\t\t\t<a href=\"https:\/\/qhhotels.pt\/en\/rooms\/triplo\/\" title=\"TRIPLE\">\n\t\t\t\t\t\t\t<img width=\"420\" height=\"323\" src=\"https:\/\/qhhotels.pt\/wp-content\/uploads\/2021\/04\/Triplo-206_0-420x323.jpg\" alt=\"\" decoding=\"async\" loading=\"lazy\" srcset=\"https:\/\/qhhotels.pt\/wp-content\/uploads\/2021\/04\/Triplo-206_0-420x323.jpg 420w, https:\/\/qhhotels.pt\/wp-content\/uploads\/2021\/04\/Triplo-206_0-1260x969.jpg 1260w, https:\/\/qhhotels.pt\/wp-content\/uploads\/2021\/04\/Triplo-206_0-630x484.jpg 630w, https:\/\/qhhotels.pt\/wp-content\/uploads\/2021\/04\/Triplo-206_0-840x646.jpg 840w, https:\/\/qhhotels.pt\/wp-content\/uploads\/2021\/04\/Triplo-206_0-315x242.jpg 315w\" sizes=\"auto, (min-width: 900px) 50vw, 100vw\" data-attachment-id=\"991337\" data-permalink=\"https:\/\/qhhotels.pt\/en\/rooms\/triplo\/triplo-206_0-2\/\" data-orig-file=\"https:\/\/qhhotels.pt\/wp-content\/uploads\/2021\/04\/Triplo-206_0-scaled.jpg\" data-orig-size=\"2560,1707\" data-comments-opened=\"0\" data-image-meta=\"{&quot;aperture&quot;:&quot;0&quot;,&quot;credit&quot;:&quot;&quot;,&quot;camera&quot;:&quot;&quot;,&quot;caption&quot;:&quot;&quot;,&quot;created_timestamp&quot;:&quot;0&quot;,&quot;copyright&quot;:&quot;&quot;,&quot;focal_length&quot;:&quot;0&quot;,&quot;iso&quot;:&quot;0&quot;,&quot;shutter_speed&quot;:&quot;0&quot;,&quot;title&quot;:&quot;&quot;,&quot;orientation&quot;:&quot;0&quot;}\" data-image-title=\"Triplo 206_0\" data-image-description=\"\" data-image-caption=\"\" data-medium-file=\"https:\/\/qhhotels.pt\/wp-content\/uploads\/2021\/04\/Triplo-206_0-300x200.jpg\" data-large-file=\"https:\/\/qhhotels.pt\/wp-content\/uploads\/2021\/04\/Triplo-206_0-1024x683.jpg\" \/>\t\t\t\t\t\t\tvamtam-theme-circle-post\t\t\t\t\t\t<\/a>\n\t\t\t\t\t\t\t\t<header>\n\t\t\t<h3>\n\t\t\t\t<a href=\"https:\/\/qhhotels.pt\/en\/rooms\/triplo\/\" title=\"TRIPLE\">TRIPLE<\/a>\n\t\t\t<\/h3>\n\t<\/header>\n\t\t\t\t\t\t\n\t\t\t\tWith sea or garden view, this spacious room features three single beds, fully equipped private bathroom, air conditioning, minibar, LCD&hellip;\t\t\t\n\t\t\t\t\t\t\n\t\t\t\t\t\t\tFrom: \t\t\t\t\t\t\t111.30 &euro;\n\t\t\t\t\t\t\t \/ Night\t\t\t\t\t\t\n\t\t\t\t<a href=\"https:\/\/qhhotels.pt\/en\/rooms\/triplo\/\">CHECK AVAILABILITY<\/a>\n\t\tTRIPLE\t\n\t<meta itemprop=\"datePublished\" content=\"2021-04-28\" \/><meta itemprop=\"dateModified\" content=\"2024-03-27\" \/><meta itemprop=\"headline\" content=\"JUNIOR SUITE\"\/><meta itemprop=\"name\" content=\"QH Hotels\"\/><meta itemprop=\"url\" content=\"https:\/\/qhhotels.pt\/en\/\"\/><meta itemprop=\"url\" content=\"https:\/\/qhhotels.pt\/wp-content\/uploads\/2021\/03\/logo-teste-final-cor.png\"\/><meta itemprop=\"url\" content=\"https:\/\/qhhotels.pt\/en\/author\/userquiaioshotel\/\" \/><meta itemprop=\"name\" content=\"userquiaioshotel\" \/><meta itemprop=\"url\" content=\"https:\/\/qhhotels.pt\/wp-content\/uploads\/2021\/04\/Suite-Junior-218_0-scaled.jpg\" \/><meta itemprop=\"width\" content=\"2560\" \/><meta itemprop=\"height\" content=\"1707\" \/><meta itemprop=\"interactionType\" content=\"http:\/\/schema.org\/CommentAction\" \/><meta itemprop=\"userInteractionCount\" content=\"0\" \/>\t\n\t\t\t\t\t\t\t\t\t\t\t<a href=\"https:\/\/qhhotels.pt\/en\/rooms\/duplo-premium\/\" title=\"JUNIOR SUITE\">\n\t\t\t\t\t\t\t<img width=\"420\" height=\"323\" src=\"https:\/\/qhhotels.pt\/wp-content\/uploads\/2021\/04\/Suite-Junior-218_0-420x323.jpg\" alt=\"\" decoding=\"async\" loading=\"lazy\" srcset=\"https:\/\/qhhotels.pt\/wp-content\/uploads\/2021\/04\/Suite-Junior-218_0-420x323.jpg 420w, https:\/\/qhhotels.pt\/wp-content\/uploads\/2021\/04\/Suite-Junior-218_0-1260x969.jpg 1260w, https:\/\/qhhotels.pt\/wp-content\/uploads\/2021\/04\/Suite-Junior-218_0-630x484.jpg 630w, https:\/\/qhhotels.pt\/wp-content\/uploads\/2021\/04\/Suite-Junior-218_0-840x646.jpg 840w, https:\/\/qhhotels.pt\/wp-content\/uploads\/2021\/04\/Suite-Junior-218_0-315x242.jpg 315w\" sizes=\"auto, (min-width: 900px) 50vw, 100vw\" data-attachment-id=\"991365\" data-permalink=\"https:\/\/qhhotels.pt\/en\/rooms\/junior-suite\/suite-junior-218_0-2\/\" data-orig-file=\"https:\/\/qhhotels.pt\/wp-content\/uploads\/2021\/04\/Suite-Junior-218_0-scaled.jpg\" data-orig-size=\"2560,1707\" data-comments-opened=\"0\" data-image-meta=\"{&quot;aperture&quot;:&quot;0&quot;,&quot;credit&quot;:&quot;&quot;,&quot;camera&quot;:&quot;&quot;,&quot;caption&quot;:&quot;&quot;,&quot;created_timestamp&quot;:&quot;0&quot;,&quot;copyright&quot;:&quot;&quot;,&quot;focal_length&quot;:&quot;0&quot;,&quot;iso&quot;:&quot;0&quot;,&quot;shutter_speed&quot;:&quot;0&quot;,&quot;title&quot;:&quot;&quot;,&quot;orientation&quot;:&quot;0&quot;}\" data-image-title=\"Suite Junior 218_0\" data-image-description=\"\" data-image-caption=\"\" data-medium-file=\"https:\/\/qhhotels.pt\/wp-content\/uploads\/2021\/04\/Suite-Junior-218_0-300x200.jpg\" data-large-file=\"https:\/\/qhhotels.pt\/wp-content\/uploads\/2021\/04\/Suite-Junior-218_0-1024x683.jpg\" \/>\t\t\t\t\t\t\tvamtam-theme-circle-post\t\t\t\t\t\t<\/a>\n\t\t\t\t\t\t\t\t<header>\n\t\t\t<h3>\n\t\t\t\t<a href=\"https:\/\/qhhotels.pt\/en\/rooms\/duplo-premium\/\" title=\"JUNIOR SUITE\">JUNIOR SUITE<\/a>\n\t\t\t<\/h3>\n\t<\/header>\n\t\t\t\t\t\t\n\t\t\t\tThis suite has two single beds or one double bed, fully equipped private bathroom, air conditioning, minibar, LCD HD TV&hellip;\t\t\t\n\t\t\t\t\t\t\n\t\t\t\t\t\t\tFrom: \t\t\t\t\t\t\t116.60 &euro;\n\t\t\t\t\t\t\t \/ Night\t\t\t\t\t\t\n\t\t\t\t<a href=\"https:\/\/qhhotels.pt\/en\/rooms\/duplo-premium\/\">CHECK AVAILABILITY<\/a>\n\t\tJUNIOR SUITE\t\n\t\t\t\t<h3>\n\t\t\t\t\tDiscover all our<br \/> accommodation options.<br \/>\n\t\t\t\t<\/h3>\n\t\t\t\t\t<h6>\n\t\t\t\t\t\t<a href=\"https:\/\/qhhotels.pt\/en\/alojamento\/\" title=\"Look here \u2192\" target=\"_self\">\n\t\t\t\t\t\t\tLook here \u2192\n\t\t\t\t\t\t<\/a>\n\t\t\t\t\t<\/h6>\n<h2>\n\tOffers\n\t<\/h2>\n\t<p>For all tastes<\/p>\n<h2>\n\tTo be discovered&#8230;\n\t<\/h2>\n\t<p>The charms of our region<\/p>\n<h4>\n\tSubscribe to receive the latest offers!\n\t<\/h4>\n\t\n<div class=\"wpcf7 no-js\" id=\"wpcf7-f990542-o1\" lang=\"pt-PT\" dir=\"ltr\" data-wpcf7-id=\"990542\">\n<div class=\"screen-reader-response\"><p role=\"status\" aria-live=\"polite\" aria-atomic=\"true\"><\/p> <ul><\/ul><\/div>\n<form action=\"\/en\/wp-json\/wp\/v2\/pages\/990037#wpcf7-f990542-o1\" method=\"post\" class=\"wpcf7-form init\" aria-label=\"Formul\u00e1rio de contacto\" novalidate=\"novalidate\" data-status=\"init\">\n<fieldset class=\"hidden-fields-container\"><input type=\"hidden\" name=\"_wpcf7\" value=\"990542\" \/><input type=\"hidden\" name=\"_wpcf7_version\" value=\"6.1.5\" \/><input type=\"hidden\" name=\"_wpcf7_locale\" value=\"pt_PT\" \/><input type=\"hidden\" name=\"_wpcf7_unit_tag\" value=\"wpcf7-f990542-o1\" \/><input type=\"hidden\" name=\"_wpcf7_container_post\" value=\"0\" \/><input type=\"hidden\" name=\"_wpcf7_posted_data_hash\" value=\"\" \/><input type=\"hidden\" name=\"_wpcf7_recaptcha_response\" value=\"\" \/>\n<\/fieldset>\n<p><input type=\"hidden\" name=\"your-subject\" value=\"Subscri\u00e7\u00e3o de \u00daltimas Ofertas\" \/>\n<\/p>\n<div class=\"fusion-one-half fusion-layout-column fusion-spacing-yes\" style=\"width: 68%;\">\n\t<p><span class=\"wpcf7-form-control-wrap\" data-name=\"your-email\"><input size=\"40\" maxlength=\"400\" class=\"wpcf7-form-control wpcf7-email wpcf7-validates-as-required wpcf7-text wpcf7-validates-as-email\" id=\"select-email-subscricao\" aria-required=\"true\" aria-invalid=\"false\" placeholder=\"Email\" value=\"\" type=\"email\" name=\"your-email\" \/><\/span>\n\t<\/p>\n<\/div>\n<div class=\"fusion-one-half fusion-layout-column fusion-column-last fusion-spacing-yes\" style=\"max-width: 130px;\">\n\t<p><input class=\"wpcf7-form-control wpcf7-submit has-spinner btn btn-primary\" id=\"btn-enviar-formulario-ultimas-ofertas\" type=\"submit\" value=\"SUBSCRIBE\" \/>\n\t<\/p>\n<\/div><div class=\"wpcf7-response-output\" aria-hidden=\"true\"><\/div>\n<\/form>\n<\/div>\n\n\n<\/div><!-- .vgblk-rw-wrapper -->","protected":false},"excerpt":{"rendered":"<p>THE MYSTICAL CONFLUENCE BETWEEN THE BEACH, THE MOUNTAINS, THE COUNTRYSIDE AND THE CITY! Welcome to the QH Praia de Quiaios Located in Quiaios Beach, our hotel is the perfect place to relax, explore nature and escape from the stress of everyday life. Recently renovated, it has a professional and dedicated team at your disposal that&#8230;<\/p>\n","protected":false},"author":1,"featured_media":0,"parent":0,"menu_order":0,"comment_status":"closed","ping_status":"closed","template":"","meta":{"inline_featured_image":false,"footnotes":""},"class_list":["post-990037","page","type-page","status-publish","hentry"],"jetpack_sharing_enabled":true,"_links":{"self":[{"href":"https:\/\/qhhotels.pt\/en\/wp-json\/wp\/v2\/pages\/990037","targetHints":{"allow":["GET"]}}],"collection":[{"href":"https:\/\/qhhotels.pt\/en\/wp-json\/wp\/v2\/pages"}],"about":[{"href":"https:\/\/qhhotels.pt\/en\/wp-json\/wp\/v2\/types\/page"}],"author":[{"embeddable":true,"href":"https:\/\/qhhotels.pt\/en\/wp-json\/wp\/v2\/users\/1"}],"replies":[{"embeddable":true,"href":"https:\/\/qhhotels.pt\/en\/wp-json\/wp\/v2\/comments?post=990037"}],"version-history":[{"count":21,"href":"https:\/\/qhhotels.pt\/en\/wp-json\/wp\/v2\/pages\/990037\/revisions"}],"predecessor-version":[{"id":996720,"href":"https:\/\/qhhotels.pt\/en\/wp-json\/wp\/v2\/pages\/990037\/revisions\/996720"}],"wp:attachment":[{"href":"https:\/\/qhhotels.pt\/en\/wp-json\/wp\/v2\/media?parent=990037"}],"curies":[{"name":"wp","href":"https:\/\/api.w.org\/{rel}","templated":true}]}}