{"id":994084,"date":"2023-03-15T16:36:14","date_gmt":"2023-03-15T16:36:14","guid":{"rendered":"https:\/\/qhhotels.pt\/?page_id=994084"},"modified":"2024-08-02T15:22:44","modified_gmt":"2024-08-02T14:22:44","slug":"restaurantes-bares","status":"publish","type":"page","link":"https:\/\/qhhotels.pt\/es\/restaurantes-bares\/","title":{"rendered":"Restaurantes y Bares"},"content":{"rendered":"<div class=\"vgblk-rw-wrapper limit-wrapper\">\n<h2>\n\tRestaurante Sal\n\t<\/h2>\n\t<p>Con vistas al jard\u00edn y con un ambiente moderno y acogedor, el restaurante SAL ofrece un viaje \u00fanico a trav\u00e9s de los sabores y aromas de la cocina tradicional portuguesa.<\/p>\n<p>Disfruta de una escapada gastron\u00f3mica completa, desde el entrante hasta el postre.<\/p>\n<p>Abierto todos los d\u00edas de 12:30 a 15:00 y de 19:30 a 22:00.<\/p>\nPara reservas o preguntas adicionales, por favor cont\u00e1ctenos:<br \/>\n <a href=\"mailto:reservas@qhhotels.pt\">reservas@qhhotels.pt<\/a><br \/>\n +351 233 917 530 (Llamada para la red fija nacional)\n<h2>\n\tICONO Bar y Sal\u00f3n\n\t<\/h2>\n\t<p>El Lobby Bar del hotel est\u00e1 abierto todos los d\u00edas hasta el final de la noche, sirviendo una amplia variedad de bebidas y c\u00f3cteles preparados especialmente para usted.<\/p>\n<p>Abierto todos los d\u00edas de 10:30 a 22:30<\/p>\n<h2>\n\tFarol Food &amp; Drinks\n\t<\/h2>\n\t<p>Situado junto a la piscina exterior y con vistas al mar, Farol Food &#038; Drinks es el lugar ideal para disfrutar de una comida ligera y contemplar una magn\u00edfica puesta de sol mientras se disfruta de un delicioso c\u00f3ctel.<\/p>\n<p>Abierto todos los d\u00edas de 10:30 a 22:30<\/p>\nPara reservas o preguntas adicionales, por favor cont\u00e1ctenos:<br \/>\n <a href=\"mailto:reservas@qhhotels.pt\">reservas@qhhotels.pt<\/a><br \/>\n +351 233 917 530 (Llamada para la red fija nacional)\n\t<a href=\"https:\/\/services.qhhotels.pt\/\" target=\"_blank\" role=\"button\" rel=\"noopener\">\n\t\t\t\t\tMEN\u00da\n\t<\/a>\n\n<\/div><!-- .vgblk-rw-wrapper -->","protected":false},"excerpt":{"rendered":"<p>Restaurante Sal Con vistas al jard\u00edn y con un ambiente moderno y acogedor, el restaurante SAL ofrece un viaje \u00fanico a trav\u00e9s de los sabores y aromas de la cocina tradicional portuguesa. Disfruta de una escapada gastron\u00f3mica completa, desde el entrante hasta el postre. Abierto todos los d\u00edas de 12:30 a 15:00 y de 19:30&#8230;<\/p>\n","protected":false},"author":1,"featured_media":0,"parent":0,"menu_order":0,"comment_status":"closed","ping_status":"closed","template":"","meta":{"inline_featured_image":false,"footnotes":""},"class_list":["post-994084","page","type-page","status-publish","hentry"],"jetpack_sharing_enabled":true,"_links":{"self":[{"href":"https:\/\/qhhotels.pt\/es\/wp-json\/wp\/v2\/pages\/994084","targetHints":{"allow":["GET"]}}],"collection":[{"href":"https:\/\/qhhotels.pt\/es\/wp-json\/wp\/v2\/pages"}],"about":[{"href":"https:\/\/qhhotels.pt\/es\/wp-json\/wp\/v2\/types\/page"}],"author":[{"embeddable":true,"href":"https:\/\/qhhotels.pt\/es\/wp-json\/wp\/v2\/users\/1"}],"replies":[{"embeddable":true,"href":"https:\/\/qhhotels.pt\/es\/wp-json\/wp\/v2\/comments?post=994084"}],"version-history":[{"count":6,"href":"https:\/\/qhhotels.pt\/es\/wp-json\/wp\/v2\/pages\/994084\/revisions"}],"predecessor-version":[{"id":995584,"href":"https:\/\/qhhotels.pt\/es\/wp-json\/wp\/v2\/pages\/994084\/revisions\/995584"}],"wp:attachment":[{"href":"https:\/\/qhhotels.pt\/es\/wp-json\/wp\/v2\/media?parent=994084"}],"curies":[{"name":"wp","href":"https:\/\/api.w.org\/{rel}","templated":true}]}}