{"id":994091,"date":"2023-03-15T17:19:45","date_gmt":"2023-03-15T17:19:45","guid":{"rendered":"https:\/\/qhhotels.pt\/?page_id=994091"},"modified":"2023-03-16T11:49:25","modified_gmt":"2023-03-16T11:49:25","slug":"reunioes-eventos","status":"publish","type":"page","link":"https:\/\/qhhotels.pt\/es\/reunioes-eventos\/","title":{"rendered":"Reuniones y Eventos"},"content":{"rendered":"<div class=\"vgblk-rw-wrapper limit-wrapper\">\n\n\t<p>\u00a1HACEMOS DE TU EVENTO \u00daNICO Y MEMORABLE!<\/p>\n\t<p>En QH Praia de Quiaios encontrar\u00e1 las condiciones ideales para la celebraci\u00f3n de su evento.<\/p>\n<p>El hotel cuenta con varios espacios interiores y exteriores y un equipo profesional y dedicado, para que todo salga como lo imaginaste, desde la decoraci\u00f3n, pasando por los men\u00fas, hasta la m\u00fasica y el ambiente.<\/p>\n<h2>\n\tSala de conferencias del Atl\u00e1ntico\n\t<\/h2>\n\t<p>Ubicado en el \u00faltimo piso del hotel y con una vista espectacular sobre la playa de Quiaios, es el espacio ideal para albergar un congreso, una conferencia, una presentaci\u00f3n de producto o incluso un c\u00f3ctel.<\/p>\n<p>F\u00e1cilmente personalizable, puede acomodar hasta 180 personas.<\/p>\n<h2>\n\tSala de Reuniones\n\t<\/h2>\n\t<p>El sal\u00f3n de reuniones se caracteriza por su comodidad, luz natural y vistas al jard\u00edn del hotel. Puede acomodar hasta 12 personas y es perfecto para reuniones de negocios o sesiones de intercambio de ideas.<\/p>\n<h2>\n\tRosa N\u00e1utica\n\t<\/h2>\n\t<p>Este espacio destaca por su versatilidad y se puede adaptar a varios tipos de eventos, desde fiestas de Nochevieja hasta bodas y eventos de empresa.<\/p>\n<p>La sala tiene capacidad para 250 personas.<\/p>\n<h2>\n\tSala Fal\u00e9sia\n\t<\/h2>\n\t<p>Para los momentos de ocio y convivencia, nuestro hotel dispone de amplios espacios que le permitir\u00e1n disfrutar de su estancia de forma relajada. Juegue una partida de billar o tenis de mesa, o simplemente vea una pel\u00edcula con total comodidad y tranquilidad.<\/p>\n\t\t\t\u00a1D\u00e9janos tus datos de contacto y nosotros nos encargamos de tus pr\u00e1cticas!\n\t\t\n<div class=\"wpcf7 no-js\" id=\"wpcf7-f994315-o1\" lang=\"pt-PT\" dir=\"ltr\" data-wpcf7-id=\"994315\">\n<div class=\"screen-reader-response\"><p role=\"status\" aria-live=\"polite\" aria-atomic=\"true\"><\/p> <ul><\/ul><\/div>\n<form action=\"\/es\/wp-json\/wp\/v2\/pages\/994091#wpcf7-f994315-o1\" method=\"post\" class=\"wpcf7-form init\" aria-label=\"Formul\u00e1rio de contacto\" novalidate=\"novalidate\" data-status=\"init\">\n<fieldset class=\"hidden-fields-container\"><input type=\"hidden\" name=\"_wpcf7\" value=\"994315\" \/><input type=\"hidden\" name=\"_wpcf7_version\" value=\"6.1.5\" \/><input type=\"hidden\" name=\"_wpcf7_locale\" value=\"pt_PT\" \/><input type=\"hidden\" name=\"_wpcf7_unit_tag\" value=\"wpcf7-f994315-o1\" \/><input type=\"hidden\" name=\"_wpcf7_container_post\" value=\"0\" \/><input type=\"hidden\" name=\"_wpcf7_posted_data_hash\" value=\"\" \/><input type=\"hidden\" name=\"_wpcf7_recaptcha_response\" value=\"\" \/>\n<\/fieldset>\n<p><input type=\"hidden\" name=\"your-subject\" value=\"Formul\u00e1rio Reuni\u00f5es & Eventos\" \/>\n<\/p>\n<div style=\"margin-bottom: 0px;\">\n\t<p><label> Nombre Completo *<br \/>\n<span class=\"wpcf7-form-control-wrap\" data-name=\"your-name\"><input size=\"40\" maxlength=\"400\" class=\"wpcf7-form-control wpcf7-text wpcf7-validates-as-required\" id=\"select-nome\" aria-required=\"true\" aria-invalid=\"false\" value=\"\" type=\"text\" name=\"your-name\" \/><\/span> <\/label>\n\t<\/p>\n<\/div>\n<div style=\"margin-bottom: 0px;\">\n\t<p><label> Empresa *<br \/>\n<span class=\"wpcf7-form-control-wrap\" data-name=\"your-company\"><input size=\"40\" maxlength=\"400\" class=\"wpcf7-form-control wpcf7-text wpcf7-validates-as-required\" id=\"select-empresa\" aria-required=\"true\" aria-invalid=\"false\" value=\"\" type=\"text\" name=\"your-company\" \/><\/span> <\/label>\n\t<\/p>\n<\/div>\n<div class=\"fusion-one-half fusion-layout-column fusion-spacing-yes\">\n\t<p><label style=\"margin-right: 20px;\"> Email *<br \/>\n<span class=\"wpcf7-form-control-wrap\" data-name=\"your-email\"><input size=\"40\" maxlength=\"400\" class=\"wpcf7-form-control wpcf7-email wpcf7-validates-as-required wpcf7-text wpcf7-validates-as-email\" id=\"select-email\" aria-required=\"true\" aria-invalid=\"false\" value=\"\" type=\"email\" name=\"your-email\" \/><\/span> <\/label>\n\t<\/p>\n<\/div>\n<div class=\"fusion-one-half fusion-layout-column fusion-column-last fusion-spacing-yes\">\n\t<p><label> Tel\u00e9fono *<br \/>\n<span class=\"wpcf7-form-control-wrap\" data-name=\"your-phone\"><input size=\"9\" maxlength=\"9\" class=\"wpcf7-form-control wpcf7-tel wpcf7-validates-as-required wpcf7-text wpcf7-validates-as-tel\" id=\"select-phone\" aria-required=\"true\" aria-invalid=\"false\" value=\"\" type=\"tel\" name=\"your-phone\" \/><\/span> <\/label>\n\t<\/p>\n<\/div>\n<div class=\"fusion-one-half fusion-layout-column fusion-spacing-yes\">\n\t<p><label style=\"margin-right: 20px;\"> Fecha *<br \/>\n<span class=\"wpcf7-form-control-wrap\" data-name=\"your-date\"><input class=\"wpcf7-form-control wpcf7-date wpcf7-validates-as-required wpcf7-validates-as-date\" aria-required=\"true\" aria-invalid=\"false\" value=\"\" type=\"date\" name=\"your-date\" \/><\/span><\/label>\n\t<\/p>\n<\/div>\n<div class=\"fusion-one-half fusion-layout-column fusion-column-last fusion-spacing-yes\">\n\t<p><label> Cantidad de personas<br \/>\n<span class=\"wpcf7-form-control-wrap\" data-name=\"your-people\"><input class=\"wpcf7-form-control wpcf7-number wpcf7-validates-as-number\" id=\"select-pessoas\" aria-invalid=\"false\" value=\"\" type=\"number\" name=\"your-people\" \/><\/span> <\/label>\n\t<\/p>\n<\/div>\n<div style=\"margin-bottom: 0px;\">\n\t<p><label> Comentarios *<br \/>\n<span class=\"wpcf7-form-control-wrap\" data-name=\"your-message\"><textarea cols=\"40\" rows=\"10\" maxlength=\"2000\" class=\"wpcf7-form-control wpcf7-textarea wpcf7-validates-as-required\" id=\"select-observacoes\" aria-required=\"true\" aria-invalid=\"false\" name=\"your-message\"><\/textarea><\/span> <\/label>\n\t<\/p>\n<\/div>\n<div id=\"btn-aceitacao\">\n\t<p><span class=\"wpcf7-form-control-wrap\" data-name=\"acceptance-866\"><span class=\"wpcf7-form-control wpcf7-acceptance\"><span class=\"wpcf7-list-item\"><input type=\"checkbox\" name=\"acceptance-866\" value=\"1\" id=\"checkAceitacao\" aria-invalid=\"false\" \/><\/span><\/span><\/span><span id=\"textAceitacao\">He le\u00eddo y acepto la <a href=\"https:\/\/qhhotels.pt\/es\/politica-de-privacidade\/\" target=\"_blank\">Pol\u00edtica de Privacidad<\/a> de este sitio.<\/span>\n\t<\/p>\n<\/div>\n<p style=\"margin-top: 20px; margin-bottom: 25px;\"><input type=\"reset\" id=\"btn-reset-formulario-reunioes\" value=\"apagar\" class=\"btn btn-primary\" \/><input class=\"wpcf7-form-control wpcf7-submit has-spinner btn btn-primary\" id=\"btn-enviar-formulario-reunioes\" type=\"submit\" value=\"enviar\" \/>\n<\/p>\n<p>* Campos requeridos.<br \/>\nResponderemos en un m\u00e1ximo de dos horas durante el d\u00eda.\n<\/p><div class=\"wpcf7-response-output\" aria-hidden=\"true\"><\/div>\n<\/form>\n<\/div>\n\n\n<\/div><!-- .vgblk-rw-wrapper -->","protected":false},"excerpt":{"rendered":"<p>\u00a1HACEMOS DE TU EVENTO \u00daNICO Y MEMORABLE! En QH Praia de Quiaios encontrar\u00e1 las condiciones ideales para la celebraci\u00f3n de su evento. El hotel cuenta con varios espacios interiores y exteriores y un equipo profesional y dedicado, para que todo salga como lo imaginaste, desde la decoraci\u00f3n, pasando por los men\u00fas, hasta la m\u00fasica y&#8230;<\/p>\n","protected":false},"author":1,"featured_media":0,"parent":0,"menu_order":0,"comment_status":"closed","ping_status":"closed","template":"","meta":{"inline_featured_image":false,"footnotes":""},"class_list":["post-994091","page","type-page","status-publish","hentry"],"jetpack_sharing_enabled":true,"_links":{"self":[{"href":"https:\/\/qhhotels.pt\/es\/wp-json\/wp\/v2\/pages\/994091","targetHints":{"allow":["GET"]}}],"collection":[{"href":"https:\/\/qhhotels.pt\/es\/wp-json\/wp\/v2\/pages"}],"about":[{"href":"https:\/\/qhhotels.pt\/es\/wp-json\/wp\/v2\/types\/page"}],"author":[{"embeddable":true,"href":"https:\/\/qhhotels.pt\/es\/wp-json\/wp\/v2\/users\/1"}],"replies":[{"embeddable":true,"href":"https:\/\/qhhotels.pt\/es\/wp-json\/wp\/v2\/comments?post=994091"}],"version-history":[{"count":5,"href":"https:\/\/qhhotels.pt\/es\/wp-json\/wp\/v2\/pages\/994091\/revisions"}],"predecessor-version":[{"id":994318,"href":"https:\/\/qhhotels.pt\/es\/wp-json\/wp\/v2\/pages\/994091\/revisions\/994318"}],"wp:attachment":[{"href":"https:\/\/qhhotels.pt\/es\/wp-json\/wp\/v2\/media?parent=994091"}],"curies":[{"name":"wp","href":"https:\/\/api.w.org\/{rel}","templated":true}]}}