{"id":994096,"date":"2023-03-15T17:42:38","date_gmt":"2023-03-15T17:42:38","guid":{"rendered":"https:\/\/qhhotels.pt\/?page_id=994096"},"modified":"2024-02-19T13:05:40","modified_gmt":"2024-02-19T13:05:40","slug":"fitness-spa","status":"publish","type":"page","link":"https:\/\/qhhotels.pt\/es\/fitness-spa\/","title":{"rendered":"Gimnasio y SPA"},"content":{"rendered":"<div class=\"vgblk-rw-wrapper limit-wrapper\">\n\n\t<p>RELAJA TU CUERPO Y MENTE<\/p>\n\t<p>El Fitness Center &amp; Spa llevar\u00e1 sus vacaciones al siguiente nivel y lo inspirar\u00e1 a encontrar la paz y la serenidad que est\u00e1 buscando.<\/p>\n<p>Nuestros hu\u00e9spedes tienen acceso gratuito a las instalaciones que ofrece el Fitness Center &amp; Spa, que incluyen piscinas interior y exterior y gimnasio.<\/p>\n<h2>\n\tSPA\n\t<\/h2>\n\t<p>En un entorno de total tranquilidad, encontrar\u00e1 varias opciones para la relajaci\u00f3n y el bienestar.<\/p>\n\t<p>Debido a la actual situaci\u00f3n de pandemia provocada por el coronavirus (COVID-19), el SPA se encuentra cerrado indefinidamente.<\/p>\n<h2>\n\tMasajes\n\t<\/h2>\n\t<p>Rel\u00e1jate, respira hondo y disfruta de una experiencia de absoluto relax, relajaci\u00f3n y bienestar.<\/p>\n\t<p>Devido \u00e0 atual situa\u00e7\u00e3o pand\u00e9mica originada pelo coronav\u00edrus(COVID-19), o SPA encontra-se encerrado por tempo indeterminado.<\/p>\n\t\t\tCONOCE NUESTROS MASAJES AQU\u00cd\n\t\t<ul>\n<li>Masaje Localizado 30&#8242; &#8211; 35 \u20ac<\/li>\n<li>Masaje Relajaci\u00f3n 60&#8242; &#8211; 45 \u20ac<\/li>\n<li>Masaje Terap\u00e9utico 60&#8242; &#8211; 45 \u20ac<\/li>\n<\/ul>\n<h2>\n\tFitness Center\n\t<\/h2>\n\t<p>Pensando en tu forma, ponemos a tu disposici\u00f3n un espacio debidamente equipado para realizar cardio-fitness, musculaci\u00f3n y mantenimiento.<\/p>\n\t<p>Devido \u00e0 atual situa\u00e7\u00e3o pand\u00e9mica originada pelo coronav\u00edrus(COVID-19), o Fitness Center encontra-se encerrado por tempo indeterminado.<\/p>\n<h2>\n\tTenis\n\t<\/h2>\n\t<p>Nuestras dos canchas son el espacio ideal para la competencia familiar.<\/p>\n\t<p>Est\u00e1n indisponibles por tiempo indeterminado.<\/p>\n<h2>\n\tPiscinas\n\t<\/h2>\n\t<p>Disfruta de los d\u00edas soleados en nuestra piscina exterior y disfruta de nuestro espacio de ocio. Y si el d\u00eda no invita a bucear al aire libre, aproveche la oportunidad para relajarse en la piscina cubierta.<\/p>\n\tA piscina interior de momento encontra-se fora de servi\u00e7o.<br \/>\n\n\n<\/div><!-- .vgblk-rw-wrapper -->","protected":false},"excerpt":{"rendered":"<p>RELAJA TU CUERPO Y MENTE El Fitness Center &amp; Spa llevar\u00e1 sus vacaciones al siguiente nivel y lo inspirar\u00e1 a encontrar la paz y la serenidad que est\u00e1 buscando. Nuestros hu\u00e9spedes tienen acceso gratuito a las instalaciones que ofrece el Fitness Center &amp; Spa, que incluyen piscinas interior y exterior y gimnasio. SPA En un&#8230;<\/p>\n","protected":false},"author":1,"featured_media":0,"parent":0,"menu_order":0,"comment_status":"closed","ping_status":"closed","template":"","meta":{"inline_featured_image":false,"footnotes":""},"class_list":["post-994096","page","type-page","status-publish","hentry"],"jetpack_sharing_enabled":true,"_links":{"self":[{"href":"https:\/\/qhhotels.pt\/es\/wp-json\/wp\/v2\/pages\/994096","targetHints":{"allow":["GET"]}}],"collection":[{"href":"https:\/\/qhhotels.pt\/es\/wp-json\/wp\/v2\/pages"}],"about":[{"href":"https:\/\/qhhotels.pt\/es\/wp-json\/wp\/v2\/types\/page"}],"author":[{"embeddable":true,"href":"https:\/\/qhhotels.pt\/es\/wp-json\/wp\/v2\/users\/1"}],"replies":[{"embeddable":true,"href":"https:\/\/qhhotels.pt\/es\/wp-json\/wp\/v2\/comments?post=994096"}],"version-history":[{"count":7,"href":"https:\/\/qhhotels.pt\/es\/wp-json\/wp\/v2\/pages\/994096\/revisions"}],"predecessor-version":[{"id":995177,"href":"https:\/\/qhhotels.pt\/es\/wp-json\/wp\/v2\/pages\/994096\/revisions\/995177"}],"wp:attachment":[{"href":"https:\/\/qhhotels.pt\/es\/wp-json\/wp\/v2\/media?parent=994096"}],"curies":[{"name":"wp","href":"https:\/\/api.w.org\/{rel}","templated":true}]}}