{"id":994294,"date":"2023-03-16T09:50:50","date_gmt":"2023-03-16T09:50:50","guid":{"rendered":"https:\/\/qhhotels.pt\/?page_id=994294"},"modified":"2023-03-16T10:03:47","modified_gmt":"2023-03-16T10:03:47","slug":"ofertas","status":"publish","type":"page","link":"https:\/\/qhhotels.pt\/es\/ofertas\/","title":{"rendered":"Ofertas"},"content":{"rendered":"<div class=\"vgblk-rw-wrapper limit-wrapper\">\n<h2>\n\tReserva Anticipada\n\t<\/h2>\n\t<p>\u00a1An\u00edmate y reserva ya tu habitaci\u00f3n al mejor precio!<\/p>\n<p>Para reservas realizadas con 60 d\u00edas de antelaci\u00f3n ofrecemos un 10% de descuento sobre el precio de la habitaci\u00f3n seleccionada.<\/p>\n<h6>\n\t\t\t<a href=\"https:\/\/secure.guestcentric.net\/api\/bg\/book.php?apikey=a04ce8fe4568929ad1f653a3d32a3b00&#038;s=default&#038;l=es_ES\" title=\"RESERVAR AHORA \u2192\" target=\"_self\" rel=\"noopener\">\n\tRESERVAR AHORA \u2192\n\t\t\t<\/a>\n\t<\/h6>\n<h2>\n\tLarga Estancia\n\t<\/h2>\n\t<p>\u00a1Cuanto m\u00e1s tiempo pases en nuestra compa\u00f1\u00eda, m\u00e1s recuerdos te llevar\u00e1s!<\/p>\n<p>Disfruta de una larga estancia en nuestro hotel y benef\u00edciate de un 10% de descuento al reservar 10 noches o m\u00e1s.<\/p>\n<h6>\n\t\t\t<a href=\"https:\/\/secure.guestcentric.net\/api\/bg\/book.php?apikey=a04ce8fe4568929ad1f653a3d32a3b00&#038;s=default&#038;l=es_ES\" title=\"RESERVAR AHORA \u2192\" target=\"_self\" rel=\"noopener\">\n\tRESERVAR AHORA \u2192\n\t\t\t<\/a>\n\t<\/h6>\n\n<\/div><!-- .vgblk-rw-wrapper -->","protected":false},"excerpt":{"rendered":"<p>Reserva Anticipada \u00a1An\u00edmate y reserva ya tu habitaci\u00f3n al mejor precio! Para reservas realizadas con 60 d\u00edas de antelaci\u00f3n ofrecemos un 10% de descuento sobre el precio de la habitaci\u00f3n seleccionada. RESERVAR AHORA \u2192 Larga Estancia \u00a1Cuanto m\u00e1s tiempo pases en nuestra compa\u00f1\u00eda, m\u00e1s recuerdos te llevar\u00e1s! Disfruta de una larga estancia en nuestro hotel&#8230;<\/p>\n","protected":false},"author":1,"featured_media":0,"parent":0,"menu_order":0,"comment_status":"closed","ping_status":"closed","template":"","meta":{"inline_featured_image":false,"footnotes":""},"class_list":["post-994294","page","type-page","status-publish","hentry"],"jetpack_sharing_enabled":true,"_links":{"self":[{"href":"https:\/\/qhhotels.pt\/es\/wp-json\/wp\/v2\/pages\/994294","targetHints":{"allow":["GET"]}}],"collection":[{"href":"https:\/\/qhhotels.pt\/es\/wp-json\/wp\/v2\/pages"}],"about":[{"href":"https:\/\/qhhotels.pt\/es\/wp-json\/wp\/v2\/types\/page"}],"author":[{"embeddable":true,"href":"https:\/\/qhhotels.pt\/es\/wp-json\/wp\/v2\/users\/1"}],"replies":[{"embeddable":true,"href":"https:\/\/qhhotels.pt\/es\/wp-json\/wp\/v2\/comments?post=994294"}],"version-history":[{"count":3,"href":"https:\/\/qhhotels.pt\/es\/wp-json\/wp\/v2\/pages\/994294\/revisions"}],"predecessor-version":[{"id":994297,"href":"https:\/\/qhhotels.pt\/es\/wp-json\/wp\/v2\/pages\/994294\/revisions\/994297"}],"wp:attachment":[{"href":"https:\/\/qhhotels.pt\/es\/wp-json\/wp\/v2\/media?parent=994294"}],"curies":[{"name":"wp","href":"https:\/\/api.w.org\/{rel}","templated":true}]}}