{"id":994367,"date":"2023-03-16T12:51:32","date_gmt":"2023-03-16T12:51:32","guid":{"rendered":"https:\/\/qhhotels.pt\/?page_id=994367"},"modified":"2023-04-19T09:15:44","modified_gmt":"2023-04-19T08:15:44","slug":"politica-de-cookies","status":"publish","type":"page","link":"https:\/\/qhhotels.pt\/es\/politica-de-cookies\/","title":{"rendered":"Pol\u00edtica de Cookies"},"content":{"rendered":"<div class=\"vgblk-rw-wrapper limit-wrapper\">\n\n<h3>\u00bfQu\u00e9 son las cookies?<\/h3>\n<p>Las \u00abcookies\u00bb son peque\u00f1as etiquetas de software que se almacenan en su computadora a trav\u00e9s del navegador (browser), reteniendo \u00fanicamente informaci\u00f3n relacionada con sus preferencias, sin incluir, como tal, sus datos personales.<\/p>\n<h3>\u00bfPara qu\u00e9 sirven las Cookies?<\/h3>\n<p>Las cookies sirven para ayudar a determinar la utilidad, el inter\u00e9s y el n\u00famero de usos de sus sitios web, permitiendo una navegaci\u00f3n m\u00e1s r\u00e1pida y eficaz, eliminando la necesidad de introducir repetidamente la misma informaci\u00f3n.<\/p>\n<h3>\u00bfQu\u00e9 tipo de cookies hay?<\/h3>\n<p>Hay dos grupos de cookies que se pueden utilizar:<\/p>\n<p>&#8211; Cookies permanentes: son cookies que se almacenan a nivel del navegador en sus dispositivos de acceso (PC, m\u00f3vil y tableta) y que se utilizan cada vez que realiza una nueva visita a uno de nuestros sitios web. Se utilizan generalmente para dirigir la navegaci\u00f3n a los intereses del usuario, permiti\u00e9ndonos brindar un servicio m\u00e1s personalizado.<\/p>\n<p>&#8211; Cookies de sesi\u00f3n: son cookies temporales que permanecen en el archivo de cookies de su navegador hasta que abandona el sitio web. La informaci\u00f3n obtenida por estas cookies sirve para analizar pautas de tr\u00e1fico web, permiti\u00e9ndonos identificar problemas y ofrecer una mejor experiencia de navegaci\u00f3n.<\/p>\n<h3>\u00bfCon qu\u00e9 fines utilizamos las cookies?<\/h3>\n<p>&#8211; Cookies estrictamente necesarias &#8211; Le permiten navegar por el sitio web y utilizar sus aplicaciones, as\u00ed como acceder a \u00e1reas seguras del sitio web. Sin estas cookies, no se pueden proporcionar los servicios que ha solicitado.<\/p>\n<p>&#8211; Cookies anal\u00edticas &#8211; Se utilizan de forma an\u00f3nima con la finalidad de elaborar y analizar estad\u00edsticas, con el fin de mejorar el funcionamiento del sitio web.<\/p>\n<p>&#8211; Cookies de funcionalidad &#8211; Guardan las preferencias del usuario en cuanto al uso del sitio web, por lo que no es necesario reconfigurar el sitio web cada vez que lo visita.<\/p>\n<p>&#8211; Cookies de terceros &#8211; Miden el \u00e9xito de las aplicaciones y la efectividad de la publicidad de terceros. Tambi\u00e9n se pueden utilizar para personalizar un widget con datos de usuario.<\/p>\n<p>&#8211; Cookies publicitarias &#8211; Dirigen la publicidad en funci\u00f3n de los intereses de cada usuario, con el fin de orientar las campa\u00f1as publicitarias teniendo en cuenta los gustos de los usuarios, y, adem\u00e1s, limitar el n\u00famero de veces que se ve el anuncio, ayudando a medir la eficacia de la publicidad y el \u00e9xito de la organizaci\u00f3n del sitio web.<\/p>\n<h3>\u00bfC\u00f3mo puedes gestionar las cookies?<\/h3>\n<p>Todos los navegadores permiten al usuario aceptar, rechazar o eliminar cookies, es decir, seleccionando la configuraci\u00f3n adecuada en el navegador respectivo. Puede configurar las cookies en el men\u00fa de \u00abopciones\u00bb o \u00abpreferencias\u00bb de su navegador.<\/p>\n<p>Cabe se\u00f1alar, sin embargo, que al deshabilitar las cookies, es posible que algunos servicios de la web no funcionen correctamente, afectando, parcial o totalmente, la navegaci\u00f3n por el sitio web.<\/p>\n<p>Para obtener m\u00e1s informaci\u00f3n sobre las cookies y su uso, le sugerimos que consulte el siguiente enlace: <a href=\"http:\/\/www.youronlinechoices.com\/es\/\" target=\"_blank\" rel=\"noopener\">http:\/\/www.youronlinechoices.com\/es\/<\/a><\/p>\n\n<\/div><!-- .vgblk-rw-wrapper -->","protected":false},"excerpt":{"rendered":"<p>\u00bfQu\u00e9 son las cookies? Las \u00abcookies\u00bb son peque\u00f1as etiquetas de software que se almacenan en su computadora a trav\u00e9s del navegador (browser), reteniendo \u00fanicamente informaci\u00f3n relacionada con sus preferencias, sin incluir, como tal, sus datos personales. \u00bfPara qu\u00e9 sirven las Cookies? Las cookies sirven para ayudar a determinar la utilidad, el inter\u00e9s y el n\u00famero&#8230;<\/p>\n","protected":false},"author":1,"featured_media":0,"parent":0,"menu_order":0,"comment_status":"closed","ping_status":"closed","template":"","meta":{"inline_featured_image":false,"footnotes":""},"class_list":["post-994367","page","type-page","status-publish","hentry"],"jetpack_sharing_enabled":true,"_links":{"self":[{"href":"https:\/\/qhhotels.pt\/es\/wp-json\/wp\/v2\/pages\/994367","targetHints":{"allow":["GET"]}}],"collection":[{"href":"https:\/\/qhhotels.pt\/es\/wp-json\/wp\/v2\/pages"}],"about":[{"href":"https:\/\/qhhotels.pt\/es\/wp-json\/wp\/v2\/types\/page"}],"author":[{"embeddable":true,"href":"https:\/\/qhhotels.pt\/es\/wp-json\/wp\/v2\/users\/1"}],"replies":[{"embeddable":true,"href":"https:\/\/qhhotels.pt\/es\/wp-json\/wp\/v2\/comments?post=994367"}],"version-history":[{"count":2,"href":"https:\/\/qhhotels.pt\/es\/wp-json\/wp\/v2\/pages\/994367\/revisions"}],"predecessor-version":[{"id":994522,"href":"https:\/\/qhhotels.pt\/es\/wp-json\/wp\/v2\/pages\/994367\/revisions\/994522"}],"wp:attachment":[{"href":"https:\/\/qhhotels.pt\/es\/wp-json\/wp\/v2\/media?parent=994367"}],"curies":[{"name":"wp","href":"https:\/\/api.w.org\/{rel}","templated":true}]}}