{"id":994410,"date":"2023-03-17T09:37:06","date_gmt":"2023-03-17T09:37:06","guid":{"rendered":"https:\/\/qhhotels.pt\/?page_id=994410"},"modified":"2025-07-17T15:45:15","modified_gmt":"2025-07-17T14:45:15","slug":"home","status":"publish","type":"page","link":"https:\/\/qhhotels.pt\/es\/","title":{"rendered":"Home"},"content":{"rendered":"<div class=\"vgblk-rw-wrapper limit-wrapper\">\n<h1>\n\t\u00a1LA CONFLUENCIA M\u00cdSTICA ENTRE LA PLAYA, LA MONTA\u00d1A, EL CAMPO Y LA CIUDAD!\n\t<\/h1>\n<h5>\n\t<b>Bienvenido a QH Praia de Quiaios<\/b>\n\t<\/h5>\n\t<p>Ubicado en la playa de Quiaios, nuestro hotel es el lugar perfecto para relajarse, explorar la naturaleza y escapar del estr\u00e9s de la vida cotidiana.<\/p>\n<p>Recientemente reformado, cuenta con un equipo profesional y dedicado a tu disposici\u00f3n, que har\u00e1 de tu estancia una experiencia memorable.<\/p>\n\t<a href=\"https:\/\/qhhotels.pt\/es\/alojamento\/\" target=\"_self\" role=\"button\">\n\t\t\t\t\tRESERVAR\n\t<\/a>\n<h2>\n\tServicios\n\t<\/h2>\n\t<p>Para todas las ocasiones<\/p>\n<h2>\n\tAlojamiento\n\t<\/h2>\n\t<p>Para estancias tranquilas<\/p>\n\t<meta itemprop=\"datePublished\" content=\"2023-03-16\" \/><meta itemprop=\"dateModified\" content=\"2024-03-27\" \/><meta itemprop=\"headline\" content=\"TWIN\"\/><meta itemprop=\"name\" content=\"QH Hotels\"\/><meta itemprop=\"url\" content=\"https:\/\/qhhotels.pt\/es\/\"\/><meta itemprop=\"url\" content=\"https:\/\/qhhotels.pt\/wp-content\/uploads\/2021\/03\/logo-teste-final-cor.png\"\/><meta itemprop=\"url\" content=\"https:\/\/qhhotels.pt\/es\/author\/userquiaioshotel\/\" \/><meta itemprop=\"name\" content=\"userquiaioshotel\" \/><meta itemprop=\"url\" content=\"https:\/\/qhhotels.pt\/wp-content\/uploads\/2021\/06\/TWIN-202_0-scaled.jpg\" \/><meta itemprop=\"width\" content=\"2560\" \/><meta itemprop=\"height\" content=\"1707\" \/><meta itemprop=\"interactionType\" content=\"http:\/\/schema.org\/CommentAction\" \/><meta itemprop=\"userInteractionCount\" content=\"0\" \/>\t\n\t\t\t\t\t\t\t\t\t\t\t<a href=\"https:\/\/qhhotels.pt\/es\/rooms\/twin\/\" title=\"TWIN\">\n\t\t\t\t\t\t\t<img width=\"420\" height=\"323\" src=\"https:\/\/qhhotels.pt\/wp-content\/uploads\/2021\/06\/TWIN-202_0-420x323.jpg\" alt=\"\" decoding=\"async\" loading=\"lazy\" srcset=\"https:\/\/qhhotels.pt\/wp-content\/uploads\/2021\/06\/TWIN-202_0-420x323.jpg 420w, https:\/\/qhhotels.pt\/wp-content\/uploads\/2021\/06\/TWIN-202_0-1260x969.jpg 1260w, https:\/\/qhhotels.pt\/wp-content\/uploads\/2021\/06\/TWIN-202_0-630x484.jpg 630w, https:\/\/qhhotels.pt\/wp-content\/uploads\/2021\/06\/TWIN-202_0-840x646.jpg 840w, https:\/\/qhhotels.pt\/wp-content\/uploads\/2021\/06\/TWIN-202_0-315x242.jpg 315w\" sizes=\"auto, (min-width: 900px) 50vw, 100vw\" data-attachment-id=\"994240\" data-permalink=\"https:\/\/qhhotels.pt\/es\/rooms\/twin\/twin-202_0\/\" data-orig-file=\"https:\/\/qhhotels.pt\/wp-content\/uploads\/2021\/06\/TWIN-202_0-scaled.jpg\" data-orig-size=\"2560,1707\" data-comments-opened=\"0\" data-image-meta=\"{&quot;aperture&quot;:&quot;0&quot;,&quot;credit&quot;:&quot;&quot;,&quot;camera&quot;:&quot;&quot;,&quot;caption&quot;:&quot;&quot;,&quot;created_timestamp&quot;:&quot;0&quot;,&quot;copyright&quot;:&quot;&quot;,&quot;focal_length&quot;:&quot;0&quot;,&quot;iso&quot;:&quot;0&quot;,&quot;shutter_speed&quot;:&quot;0&quot;,&quot;title&quot;:&quot;&quot;,&quot;orientation&quot;:&quot;0&quot;}\" data-image-title=\"TWIN 202_0\" data-image-description=\"\" data-image-caption=\"\" data-medium-file=\"https:\/\/qhhotels.pt\/wp-content\/uploads\/2021\/06\/TWIN-202_0-300x200.jpg\" data-large-file=\"https:\/\/qhhotels.pt\/wp-content\/uploads\/2021\/06\/TWIN-202_0-1024x683.jpg\" \/>\t\t\t\t\t\t\tvamtam-theme-circle-post\t\t\t\t\t\t<\/a>\n\t\t\t\t\t\t\t\t<header>\n\t\t\t<h3>\n\t\t\t\t<a href=\"https:\/\/qhhotels.pt\/es\/rooms\/twin\/\" title=\"TWIN\">TWIN<\/a>\n\t\t\t<\/h3>\n\t<\/header>\n\t\t\t\t\t\t\n\t\t\t\tLuminosa y acogedora, esta habitaci\u00f3n cuenta con dos camas individuales, ba\u00f1o privado totalmente equipado, aire acondicionado, minibar, TV LCD HD&hellip;\t\t\t\n\t\t\t\t<a href=\"https:\/\/qhhotels.pt\/es\/rooms\/twin\/\">VER DISPONIBILIDAD<\/a>\n\t\tTWIN\t\n\t<meta itemprop=\"datePublished\" content=\"2023-03-16\" \/><meta itemprop=\"dateModified\" content=\"2024-03-27\" \/><meta itemprop=\"headline\" content=\"DOBLE\"\/><meta itemprop=\"name\" content=\"QH Hotels\"\/><meta itemprop=\"url\" content=\"https:\/\/qhhotels.pt\/es\/\"\/><meta itemprop=\"url\" content=\"https:\/\/qhhotels.pt\/wp-content\/uploads\/2021\/03\/logo-teste-final-cor.png\"\/><meta itemprop=\"url\" content=\"https:\/\/qhhotels.pt\/es\/author\/userquiaioshotel\/\" \/><meta itemprop=\"name\" content=\"userquiaioshotel\" \/><meta itemprop=\"url\" content=\"https:\/\/qhhotels.pt\/wp-content\/uploads\/2021\/06\/Double-219_0-scaled.jpg\" \/><meta itemprop=\"width\" content=\"2560\" \/><meta itemprop=\"height\" content=\"1707\" \/><meta itemprop=\"interactionType\" content=\"http:\/\/schema.org\/CommentAction\" \/><meta itemprop=\"userInteractionCount\" content=\"0\" \/>\t\n\t\t\t\t\t\t\t\t\t\t\t<a href=\"https:\/\/qhhotels.pt\/es\/rooms\/duplo\/\" title=\"DOBLE\">\n\t\t\t\t\t\t\t<img width=\"420\" height=\"323\" src=\"https:\/\/qhhotels.pt\/wp-content\/uploads\/2021\/06\/Double-219_0-420x323.jpg\" alt=\"\" decoding=\"async\" loading=\"lazy\" srcset=\"https:\/\/qhhotels.pt\/wp-content\/uploads\/2021\/06\/Double-219_0-420x323.jpg 420w, https:\/\/qhhotels.pt\/wp-content\/uploads\/2021\/06\/Double-219_0-1260x969.jpg 1260w, https:\/\/qhhotels.pt\/wp-content\/uploads\/2021\/06\/Double-219_0-630x484.jpg 630w, https:\/\/qhhotels.pt\/wp-content\/uploads\/2021\/06\/Double-219_0-840x646.jpg 840w, https:\/\/qhhotels.pt\/wp-content\/uploads\/2021\/06\/Double-219_0-315x242.jpg 315w\" sizes=\"auto, (min-width: 900px) 50vw, 100vw\" data-attachment-id=\"991228\" data-permalink=\"https:\/\/qhhotels.pt\/es\/rooms\/duplo\/double-219_0\/\" data-orig-file=\"https:\/\/qhhotels.pt\/wp-content\/uploads\/2021\/06\/Double-219_0-scaled.jpg\" data-orig-size=\"2560,1707\" data-comments-opened=\"0\" data-image-meta=\"{&quot;aperture&quot;:&quot;0&quot;,&quot;credit&quot;:&quot;&quot;,&quot;camera&quot;:&quot;&quot;,&quot;caption&quot;:&quot;&quot;,&quot;created_timestamp&quot;:&quot;0&quot;,&quot;copyright&quot;:&quot;&quot;,&quot;focal_length&quot;:&quot;0&quot;,&quot;iso&quot;:&quot;0&quot;,&quot;shutter_speed&quot;:&quot;0&quot;,&quot;title&quot;:&quot;&quot;,&quot;orientation&quot;:&quot;0&quot;}\" data-image-title=\"Double 219_0\" data-image-description=\"\" data-image-caption=\"\" data-medium-file=\"https:\/\/qhhotels.pt\/wp-content\/uploads\/2021\/06\/Double-219_0-300x200.jpg\" data-large-file=\"https:\/\/qhhotels.pt\/wp-content\/uploads\/2021\/06\/Double-219_0-1024x683.jpg\" \/>\t\t\t\t\t\t\tvamtam-theme-circle-post\t\t\t\t\t\t<\/a>\n\t\t\t\t\t\t\t\t<header>\n\t\t\t<h3>\n\t\t\t\t<a href=\"https:\/\/qhhotels.pt\/es\/rooms\/duplo\/\" title=\"DOBLE\">DOBLE<\/a>\n\t\t\t<\/h3>\n\t<\/header>\n\t\t\t\t\t\t\n\t\t\t\tLuminosa y acogedora, esta habitaci\u00f3n cuenta con una cama doble, ba\u00f1o privado completamente equipado, aire acondicionado, minibar, TV LCD HD&hellip;\t\t\t\n\t\t\t\t<a href=\"https:\/\/qhhotels.pt\/es\/rooms\/duplo\/\">VER DISPONIBILIDAD<\/a>\n\t\tDOBLE\t\n\t<meta itemprop=\"datePublished\" content=\"2023-03-16\" \/><meta itemprop=\"dateModified\" content=\"2024-03-27\" \/><meta itemprop=\"headline\" content=\"SINGLE\"\/><meta itemprop=\"name\" content=\"QH Hotels\"\/><meta itemprop=\"url\" content=\"https:\/\/qhhotels.pt\/es\/\"\/><meta itemprop=\"url\" content=\"https:\/\/qhhotels.pt\/wp-content\/uploads\/2021\/03\/logo-teste-final-cor.png\"\/><meta itemprop=\"url\" content=\"https:\/\/qhhotels.pt\/es\/author\/userquiaioshotel\/\" \/><meta itemprop=\"name\" content=\"userquiaioshotel\" \/><meta itemprop=\"url\" content=\"https:\/\/qhhotels.pt\/wp-content\/uploads\/2021\/04\/Single-121_0-scaled.jpg\" \/><meta itemprop=\"width\" content=\"2560\" \/><meta itemprop=\"height\" content=\"1707\" \/><meta itemprop=\"interactionType\" content=\"http:\/\/schema.org\/CommentAction\" \/><meta itemprop=\"userInteractionCount\" content=\"0\" \/>\t\n\t\t\t\t\t\t\t\t\t\t\t<a href=\"https:\/\/qhhotels.pt\/es\/rooms\/single\/\" title=\"SINGLE\">\n\t\t\t\t\t\t\t<img width=\"420\" height=\"323\" src=\"https:\/\/qhhotels.pt\/wp-content\/uploads\/2021\/04\/Single-121_0-420x323.jpg\" alt=\"\" decoding=\"async\" loading=\"lazy\" srcset=\"https:\/\/qhhotels.pt\/wp-content\/uploads\/2021\/04\/Single-121_0-420x323.jpg 420w, https:\/\/qhhotels.pt\/wp-content\/uploads\/2021\/04\/Single-121_0-1260x969.jpg 1260w, https:\/\/qhhotels.pt\/wp-content\/uploads\/2021\/04\/Single-121_0-630x484.jpg 630w, https:\/\/qhhotels.pt\/wp-content\/uploads\/2021\/04\/Single-121_0-840x646.jpg 840w, https:\/\/qhhotels.pt\/wp-content\/uploads\/2021\/04\/Single-121_0-315x242.jpg 315w\" sizes=\"auto, (min-width: 900px) 50vw, 100vw\" data-attachment-id=\"991254\" data-permalink=\"https:\/\/qhhotels.pt\/es\/rooms\/single\/single-121_0\/\" data-orig-file=\"https:\/\/qhhotels.pt\/wp-content\/uploads\/2021\/04\/Single-121_0-scaled.jpg\" data-orig-size=\"2560,1707\" data-comments-opened=\"0\" data-image-meta=\"{&quot;aperture&quot;:&quot;0&quot;,&quot;credit&quot;:&quot;&quot;,&quot;camera&quot;:&quot;&quot;,&quot;caption&quot;:&quot;&quot;,&quot;created_timestamp&quot;:&quot;0&quot;,&quot;copyright&quot;:&quot;&quot;,&quot;focal_length&quot;:&quot;0&quot;,&quot;iso&quot;:&quot;0&quot;,&quot;shutter_speed&quot;:&quot;0&quot;,&quot;title&quot;:&quot;&quot;,&quot;orientation&quot;:&quot;0&quot;}\" data-image-title=\"Single 121_0\" data-image-description=\"\" data-image-caption=\"\" data-medium-file=\"https:\/\/qhhotels.pt\/wp-content\/uploads\/2021\/04\/Single-121_0-300x200.jpg\" data-large-file=\"https:\/\/qhhotels.pt\/wp-content\/uploads\/2021\/04\/Single-121_0-1024x683.jpg\" \/>\t\t\t\t\t\t\tvamtam-theme-circle-post\t\t\t\t\t\t<\/a>\n\t\t\t\t\t\t\t\t<header>\n\t\t\t<h3>\n\t\t\t\t<a href=\"https:\/\/qhhotels.pt\/es\/rooms\/single\/\" title=\"SINGLE\">SINGLE<\/a>\n\t\t\t<\/h3>\n\t<\/header>\n\t\t\t\t\t\t\n\t\t\t\tLuminosa y acogedora, esta habitaci\u00f3n cuenta con dos camas individuales o una cama doble, ba\u00f1o privado completamente equipado, aire acondicionado,&hellip;\t\t\t\n\t\t\t\t<a href=\"https:\/\/qhhotels.pt\/es\/rooms\/single\/\">VER DISPONIBILIDAD<\/a>\n\t\tSINGLE\t\n\t<meta itemprop=\"datePublished\" content=\"2023-03-16\" \/><meta itemprop=\"dateModified\" content=\"2024-03-27\" \/><meta itemprop=\"headline\" content=\"TRIPLE\"\/><meta itemprop=\"name\" content=\"QH Hotels\"\/><meta itemprop=\"url\" content=\"https:\/\/qhhotels.pt\/es\/\"\/><meta itemprop=\"url\" content=\"https:\/\/qhhotels.pt\/wp-content\/uploads\/2021\/03\/logo-teste-final-cor.png\"\/><meta itemprop=\"url\" content=\"https:\/\/qhhotels.pt\/es\/author\/userquiaioshotel\/\" \/><meta itemprop=\"name\" content=\"userquiaioshotel\" \/><meta itemprop=\"url\" content=\"https:\/\/qhhotels.pt\/wp-content\/uploads\/2021\/04\/Triplo-206_0-scaled.jpg\" \/><meta itemprop=\"width\" content=\"2560\" \/><meta itemprop=\"height\" content=\"1707\" \/><meta itemprop=\"interactionType\" content=\"http:\/\/schema.org\/CommentAction\" \/><meta itemprop=\"userInteractionCount\" content=\"0\" \/>\t\n\t\t\t\t\t\t\t\t\t\t\t<a href=\"https:\/\/qhhotels.pt\/es\/rooms\/triplo\/\" title=\"TRIPLE\">\n\t\t\t\t\t\t\t<img width=\"420\" height=\"323\" src=\"https:\/\/qhhotels.pt\/wp-content\/uploads\/2021\/04\/Triplo-206_0-420x323.jpg\" alt=\"\" decoding=\"async\" loading=\"lazy\" srcset=\"https:\/\/qhhotels.pt\/wp-content\/uploads\/2021\/04\/Triplo-206_0-420x323.jpg 420w, https:\/\/qhhotels.pt\/wp-content\/uploads\/2021\/04\/Triplo-206_0-1260x969.jpg 1260w, https:\/\/qhhotels.pt\/wp-content\/uploads\/2021\/04\/Triplo-206_0-630x484.jpg 630w, https:\/\/qhhotels.pt\/wp-content\/uploads\/2021\/04\/Triplo-206_0-840x646.jpg 840w, https:\/\/qhhotels.pt\/wp-content\/uploads\/2021\/04\/Triplo-206_0-315x242.jpg 315w\" sizes=\"auto, (min-width: 900px) 50vw, 100vw\" data-attachment-id=\"991336\" data-permalink=\"https:\/\/qhhotels.pt\/es\/rooms\/triplo\/triplo-206_0\/\" data-orig-file=\"https:\/\/qhhotels.pt\/wp-content\/uploads\/2021\/04\/Triplo-206_0-scaled.jpg\" data-orig-size=\"2560,1707\" data-comments-opened=\"0\" data-image-meta=\"{&quot;aperture&quot;:&quot;0&quot;,&quot;credit&quot;:&quot;&quot;,&quot;camera&quot;:&quot;&quot;,&quot;caption&quot;:&quot;&quot;,&quot;created_timestamp&quot;:&quot;0&quot;,&quot;copyright&quot;:&quot;&quot;,&quot;focal_length&quot;:&quot;0&quot;,&quot;iso&quot;:&quot;0&quot;,&quot;shutter_speed&quot;:&quot;0&quot;,&quot;title&quot;:&quot;&quot;,&quot;orientation&quot;:&quot;0&quot;}\" data-image-title=\"Triplo 206_0\" data-image-description=\"\" data-image-caption=\"\" data-medium-file=\"https:\/\/qhhotels.pt\/wp-content\/uploads\/2021\/04\/Triplo-206_0-300x200.jpg\" data-large-file=\"https:\/\/qhhotels.pt\/wp-content\/uploads\/2021\/04\/Triplo-206_0-1024x683.jpg\" \/>\t\t\t\t\t\t\tvamtam-theme-circle-post\t\t\t\t\t\t<\/a>\n\t\t\t\t\t\t\t\t<header>\n\t\t\t<h3>\n\t\t\t\t<a href=\"https:\/\/qhhotels.pt\/es\/rooms\/triplo\/\" title=\"TRIPLE\">TRIPLE<\/a>\n\t\t\t<\/h3>\n\t<\/header>\n\t\t\t\t\t\t\n\t\t\t\tCon vista al mar o al jard\u00edn, esta espaciosa habitaci\u00f3n cuenta con tres camas individuales, ba\u00f1o privado completamente equipado, aire&hellip;\t\t\t\n\t\t\t\t<a href=\"https:\/\/qhhotels.pt\/es\/rooms\/triplo\/\">VER DISPONIBILIDAD<\/a>\n\t\tTRIPLE\t\n\t<meta itemprop=\"datePublished\" content=\"2023-03-16\" \/><meta itemprop=\"dateModified\" content=\"2024-03-27\" \/><meta itemprop=\"headline\" content=\"SUITE JUNIOR\"\/><meta itemprop=\"name\" content=\"QH Hotels\"\/><meta itemprop=\"url\" content=\"https:\/\/qhhotels.pt\/es\/\"\/><meta itemprop=\"url\" content=\"https:\/\/qhhotels.pt\/wp-content\/uploads\/2021\/03\/logo-teste-final-cor.png\"\/><meta itemprop=\"url\" content=\"https:\/\/qhhotels.pt\/es\/author\/userquiaioshotel\/\" \/><meta itemprop=\"name\" content=\"userquiaioshotel\" \/><meta itemprop=\"url\" content=\"https:\/\/qhhotels.pt\/wp-content\/uploads\/2021\/04\/Suite-Junior-218_0-scaled.jpg\" \/><meta itemprop=\"width\" content=\"2560\" \/><meta itemprop=\"height\" content=\"1707\" \/><meta itemprop=\"interactionType\" content=\"http:\/\/schema.org\/CommentAction\" \/><meta itemprop=\"userInteractionCount\" content=\"0\" \/>\t\n\t\t\t\t\t\t\t\t\t\t\t<a href=\"https:\/\/qhhotels.pt\/es\/rooms\/duplo-premium\/\" title=\"SUITE JUNIOR\">\n\t\t\t\t\t\t\t<img width=\"420\" height=\"323\" src=\"https:\/\/qhhotels.pt\/wp-content\/uploads\/2021\/04\/Suite-Junior-218_0-420x323.jpg\" alt=\"\" decoding=\"async\" loading=\"lazy\" srcset=\"https:\/\/qhhotels.pt\/wp-content\/uploads\/2021\/04\/Suite-Junior-218_0-420x323.jpg 420w, https:\/\/qhhotels.pt\/wp-content\/uploads\/2021\/04\/Suite-Junior-218_0-1260x969.jpg 1260w, https:\/\/qhhotels.pt\/wp-content\/uploads\/2021\/04\/Suite-Junior-218_0-630x484.jpg 630w, https:\/\/qhhotels.pt\/wp-content\/uploads\/2021\/04\/Suite-Junior-218_0-840x646.jpg 840w, https:\/\/qhhotels.pt\/wp-content\/uploads\/2021\/04\/Suite-Junior-218_0-315x242.jpg 315w\" sizes=\"auto, (min-width: 900px) 50vw, 100vw\" data-attachment-id=\"991364\" data-permalink=\"https:\/\/qhhotels.pt\/es\/rooms\/junior-suite\/suite-junior-218_0\/\" data-orig-file=\"https:\/\/qhhotels.pt\/wp-content\/uploads\/2021\/04\/Suite-Junior-218_0-scaled.jpg\" data-orig-size=\"2560,1707\" data-comments-opened=\"0\" data-image-meta=\"{&quot;aperture&quot;:&quot;0&quot;,&quot;credit&quot;:&quot;&quot;,&quot;camera&quot;:&quot;&quot;,&quot;caption&quot;:&quot;&quot;,&quot;created_timestamp&quot;:&quot;0&quot;,&quot;copyright&quot;:&quot;&quot;,&quot;focal_length&quot;:&quot;0&quot;,&quot;iso&quot;:&quot;0&quot;,&quot;shutter_speed&quot;:&quot;0&quot;,&quot;title&quot;:&quot;&quot;,&quot;orientation&quot;:&quot;0&quot;}\" data-image-title=\"Suite Junior 218_0\" data-image-description=\"\" data-image-caption=\"\" data-medium-file=\"https:\/\/qhhotels.pt\/wp-content\/uploads\/2021\/04\/Suite-Junior-218_0-300x200.jpg\" data-large-file=\"https:\/\/qhhotels.pt\/wp-content\/uploads\/2021\/04\/Suite-Junior-218_0-1024x683.jpg\" \/>\t\t\t\t\t\t\tvamtam-theme-circle-post\t\t\t\t\t\t<\/a>\n\t\t\t\t\t\t\t\t<header>\n\t\t\t<h3>\n\t\t\t\t<a href=\"https:\/\/qhhotels.pt\/es\/rooms\/duplo-premium\/\" title=\"SUITE JUNIOR\">SUITE JUNIOR<\/a>\n\t\t\t<\/h3>\n\t<\/header>\n\t\t\t\t\t\t\n\t\t\t\tEsta suite cuenta con dos camas individuales o una cama doble, ba\u00f1o privado totalmente equipado, aire acondicionado, minibar, TV LCD&hellip;\t\t\t\n\t\t\t\t<a href=\"https:\/\/qhhotels.pt\/es\/rooms\/duplo-premium\/\">VER DISPONIBILIDAD<\/a>\n\t\tSUITE JUNIOR\t\n\t\t\t\t<h3>\n\t\t\t\t\tDescubre todo nuestras<br \/>opciones de alojamiento.<br \/>\n\t\t\t\t<\/h3>\n\t\t\t\t\t<h6>\n\t\t\t\t\t\t<a href=\"https:\/\/qhhotels.pt\/es\/alojamento\/\" title=\"Vea aqu\u00ed \u2192\" target=\"_self\">\n\t\t\t\t\t\t\tVea aqu\u00ed \u2192\n\t\t\t\t\t\t<\/a>\n\t\t\t\t\t<\/h6>\n<h2>\n\tOfertas\n\t<\/h2>\n\t<p>Para todos los gustos<\/p>\n<h2>\n\tPara descubrir&#8230;\n\t<\/h2>\n\t<p>Los encantos de nuestra regi\u00f3n<\/p>\n<h4>\n\tSuscr\u00edbete para las \u00faltimas ofertas!\n\t<\/h4>\n\t\n<div class=\"wpcf7 no-js\" id=\"wpcf7-f994316-o1\" lang=\"pt-PT\" dir=\"ltr\" data-wpcf7-id=\"994316\">\n<div class=\"screen-reader-response\"><p role=\"status\" aria-live=\"polite\" aria-atomic=\"true\"><\/p> <ul><\/ul><\/div>\n<form action=\"\/es\/wp-json\/wp\/v2\/pages\/994410#wpcf7-f994316-o1\" method=\"post\" class=\"wpcf7-form init\" aria-label=\"Formul\u00e1rio de contacto\" novalidate=\"novalidate\" data-status=\"init\">\n<fieldset class=\"hidden-fields-container\"><input type=\"hidden\" name=\"_wpcf7\" value=\"994316\" \/><input type=\"hidden\" name=\"_wpcf7_version\" value=\"6.1.5\" \/><input type=\"hidden\" name=\"_wpcf7_locale\" value=\"pt_PT\" \/><input type=\"hidden\" name=\"_wpcf7_unit_tag\" value=\"wpcf7-f994316-o1\" \/><input type=\"hidden\" name=\"_wpcf7_container_post\" value=\"0\" \/><input type=\"hidden\" name=\"_wpcf7_posted_data_hash\" value=\"\" \/><input type=\"hidden\" name=\"_wpcf7_recaptcha_response\" value=\"\" \/>\n<\/fieldset>\n<p><input type=\"hidden\" name=\"your-subject\" value=\"Subscri\u00e7\u00e3o de \u00daltimas Ofertas\" \/>\n<\/p>\n<div class=\"fusion-one-half fusion-layout-column fusion-spacing-yes\" style=\"width: 68%;\">\n\t<p><span class=\"wpcf7-form-control-wrap\" data-name=\"your-email\"><input size=\"40\" maxlength=\"400\" class=\"wpcf7-form-control wpcf7-email wpcf7-validates-as-required wpcf7-text wpcf7-validates-as-email\" id=\"select-email-subscricao\" aria-required=\"true\" aria-invalid=\"false\" placeholder=\"Email\" value=\"\" type=\"email\" name=\"your-email\" \/><\/span>\n\t<\/p>\n<\/div>\n<div class=\"fusion-one-half fusion-layout-column fusion-column-last fusion-spacing-yes\" style=\"max-width: 130px;\">\n\t<p><input class=\"wpcf7-form-control wpcf7-submit has-spinner btn btn-primary\" id=\"btn-enviar-formulario-ultimas-ofertas\" type=\"submit\" value=\"SUSCRIBIR\" \/>\n\t<\/p>\n<\/div><div class=\"wpcf7-response-output\" aria-hidden=\"true\"><\/div>\n<\/form>\n<\/div>\n\n\n<\/div><!-- .vgblk-rw-wrapper -->","protected":false},"excerpt":{"rendered":"<p>\u00a1LA CONFLUENCIA M\u00cdSTICA ENTRE LA PLAYA, LA MONTA\u00d1A, EL CAMPO Y LA CIUDAD! Bienvenido a QH Praia de Quiaios Ubicado en la playa de Quiaios, nuestro hotel es el lugar perfecto para relajarse, explorar la naturaleza y escapar del estr\u00e9s de la vida cotidiana. Recientemente reformado, cuenta con un equipo profesional y dedicado a tu&#8230;<\/p>\n","protected":false},"author":1,"featured_media":0,"parent":0,"menu_order":0,"comment_status":"closed","ping_status":"closed","template":"","meta":{"inline_featured_image":false,"footnotes":""},"class_list":["post-994410","page","type-page","status-publish","hentry"],"jetpack_sharing_enabled":true,"_links":{"self":[{"href":"https:\/\/qhhotels.pt\/es\/wp-json\/wp\/v2\/pages\/994410","targetHints":{"allow":["GET"]}}],"collection":[{"href":"https:\/\/qhhotels.pt\/es\/wp-json\/wp\/v2\/pages"}],"about":[{"href":"https:\/\/qhhotels.pt\/es\/wp-json\/wp\/v2\/types\/page"}],"author":[{"embeddable":true,"href":"https:\/\/qhhotels.pt\/es\/wp-json\/wp\/v2\/users\/1"}],"replies":[{"embeddable":true,"href":"https:\/\/qhhotels.pt\/es\/wp-json\/wp\/v2\/comments?post=994410"}],"version-history":[{"count":7,"href":"https:\/\/qhhotels.pt\/es\/wp-json\/wp\/v2\/pages\/994410\/revisions"}],"predecessor-version":[{"id":996722,"href":"https:\/\/qhhotels.pt\/es\/wp-json\/wp\/v2\/pages\/994410\/revisions\/996722"}],"wp:attachment":[{"href":"https:\/\/qhhotels.pt\/es\/wp-json\/wp\/v2\/media?parent=994410"}],"curies":[{"name":"wp","href":"https:\/\/api.w.org\/{rel}","templated":true}]}}