{"id":992647,"date":"2018-10-20T00:27:18","date_gmt":"2018-10-19T23:27:18","guid":{"rendered":"https:\/\/qhhotels.pt\/restaurantes-bares\/"},"modified":"2024-08-02T15:22:18","modified_gmt":"2024-08-02T14:22:18","slug":"restaurantes-bares","status":"publish","type":"page","link":"https:\/\/qhhotels.pt\/fr\/restaurantes-bares\/","title":{"rendered":"Restaurants &#038; Bars"},"content":{"rendered":"<div class=\"vgblk-rw-wrapper limit-wrapper\">\n<h2>\n\tRestaurant Sal\n\t<\/h2>\n\t<p>Avec vue sur le jardin et avec une atmosph\u00e8re moderne et accueillante, le restaurant SAL propose un voyage unique \u00e0 travers les saveurs et les ar\u00f4mes de la cuisine portugaise traditionnelle.<\/p>\n<p>Profitez d&rsquo;une escapade gastronomique compl\u00e8te, de l&rsquo;entr\u00e9e au dessert.<\/p>\n<p>Ouvert tous les jours de 12:30 \u00e0 15:00 et de 19:30 \u00e0 22:00.<\/p>\nPour r\u00e9server ou pour toute question, n&rsquo;h\u00e9sitez pas \u00e0 nous contacter:<br \/>\n <a href=\"mailto:reservas@qhhotels.pt\">reservas@qhhotels.pt<\/a><br \/>\n +351 233 917 530 (Appel vers le r\u00e9seau fixe national))\n<h2>\n\tICON Bar &amp; Lounge\n\t<\/h2>\n\t<p>Le Lobby Bar de l&rsquo;h\u00f4tel est ouvert tous les jours jusqu&rsquo;en fin de soir\u00e9e, proposant une grande vari\u00e9t\u00e9 de boissons et de cocktails, pr\u00e9par\u00e9s sp\u00e9cialement pour vous.<\/p>\n<p>Ouvert tous les jours de 10:30 \u00e0 22:30<\/p>\n<h2>\n\tFarol Food &amp; Drinks\n\t<\/h2>\n\t<p>Situ\u00e9 \u00e0 c\u00f4t\u00e9 de la piscine ext\u00e9rieure et surplombant la mer, le Farol Food &#038; Drinks est l&rsquo;endroit id\u00e9al pour savourer un repas l\u00e9ger et admirer un magnifique coucher de soleil tout en d\u00e9gustant un d\u00e9licieux cocktail.<\/p>\n<p>Ouvert tous les jours de 10:30 \u00e0 22:30<\/p>\nPour r\u00e9server ou pour toute question, n&rsquo;h\u00e9sitez pas \u00e0 nous contacter:<br \/>\n <a href=\"mailto:reservas@qhhotels.pt\">reservas@qhhotels.pt<\/a><br \/>\n +351 233 917 530 (Appel vers le r\u00e9seau fixe national)\n\t<a href=\"https:\/\/services.qhhotels.pt\/\" target=\"_blank\" role=\"button\" rel=\"noopener\">\n\t\t\t\t\tMENU\n\t<\/a>\n\n<\/div><!-- .vgblk-rw-wrapper -->","protected":false},"excerpt":{"rendered":"<p>Restaurant Sal Avec vue sur le jardin et avec une atmosph\u00e8re moderne et accueillante, le restaurant SAL propose un voyage unique \u00e0 travers les saveurs et les ar\u00f4mes de la cuisine portugaise traditionnelle. Profitez d&rsquo;une escapade gastronomique compl\u00e8te, de l&rsquo;entr\u00e9e au dessert. Ouvert tous les jours de 12:30 \u00e0 15:00 et de 19:30 \u00e0 22:00&#8230;.<\/p>\n","protected":false},"author":1,"featured_media":0,"parent":0,"menu_order":0,"comment_status":"closed","ping_status":"closed","template":"","meta":{"inline_featured_image":false,"footnotes":""},"class_list":["post-992647","page","type-page","status-publish","hentry"],"jetpack_sharing_enabled":true,"_links":{"self":[{"href":"https:\/\/qhhotels.pt\/fr\/wp-json\/wp\/v2\/pages\/992647","targetHints":{"allow":["GET"]}}],"collection":[{"href":"https:\/\/qhhotels.pt\/fr\/wp-json\/wp\/v2\/pages"}],"about":[{"href":"https:\/\/qhhotels.pt\/fr\/wp-json\/wp\/v2\/types\/page"}],"author":[{"embeddable":true,"href":"https:\/\/qhhotels.pt\/fr\/wp-json\/wp\/v2\/users\/1"}],"replies":[{"embeddable":true,"href":"https:\/\/qhhotels.pt\/fr\/wp-json\/wp\/v2\/comments?post=992647"}],"version-history":[{"count":6,"href":"https:\/\/qhhotels.pt\/fr\/wp-json\/wp\/v2\/pages\/992647\/revisions"}],"predecessor-version":[{"id":995583,"href":"https:\/\/qhhotels.pt\/fr\/wp-json\/wp\/v2\/pages\/992647\/revisions\/995583"}],"wp:attachment":[{"href":"https:\/\/qhhotels.pt\/fr\/wp-json\/wp\/v2\/media?parent=992647"}],"curies":[{"name":"wp","href":"https:\/\/api.w.org\/{rel}","templated":true}]}}