{"id":992652,"date":"2021-04-19T08:38:30","date_gmt":"2021-04-19T07:38:30","guid":{"rendered":"https:\/\/qhhotels.pt\/reunioes-eventos\/"},"modified":"2023-02-14T09:53:12","modified_gmt":"2023-02-14T09:53:12","slug":"reunioes-eventos","status":"publish","type":"page","link":"https:\/\/qhhotels.pt\/fr\/reunioes-eventos\/","title":{"rendered":"R\u00e9unions &#038; \u00c9v\u00e9nements"},"content":{"rendered":"<div class=\"vgblk-rw-wrapper limit-wrapper\">\n\n\t<p>NOUS RENDONS VOTRE \u00c9V\u00c9NEMENT UNIQUE ET M\u00c9MORABLE!<\/p>\n\t<p>Au QH Praia de Quiaios, vous trouverez les conditions id\u00e9ales pour r\u00e9aliser votre \u00e9v\u00e9nement.<\/p>\n<p>L&rsquo;h\u00f4tel dispose de plusieurs espaces int\u00e9rieurs et ext\u00e9rieurs et d&rsquo;une \u00e9quipe professionnelle et d\u00e9vou\u00e9e, pour que tout se passe comme vous l&rsquo;aviez imagin\u00e9, de la d\u00e9coration en passant par les menus, jusqu&rsquo;\u00e0 la musique et \u00e0 l&rsquo;ambiance.<\/p>\n<h2>\n\tSalle de Conf\u00e9rences Atl\u00e2ntico\n\t<\/h2>\n\t<p>Situ\u00e9e au dernier \u00e9tage de l&rsquo;h\u00f4tel et avec une vue imprenable sur la plage de Quiaios, c&rsquo;est l&rsquo;espace id\u00e9al pour accueillir un congr\u00e8s, une conf\u00e9rence, une pr\u00e9sentation de produit ou m\u00eame un cocktail.<\/p>\n<p>Facilement personnalisable, elle peut accueillir jusqu&rsquo;\u00e0 180 personnes.<\/p>\n<h2>\n\tSalle de R\u00e9unions\n\t<\/h2>\n\t<p>La salle de r\u00e9union se caract\u00e9rise par son confort, sa lumi\u00e8re naturelle et sa vue sur le jardin de l&rsquo;h\u00f4tel. Elle peut accueillir jusqu&rsquo;\u00e0 12 personnes et est parfaite pour les r\u00e9unions d&rsquo;affaires ou les s\u00e9ances de brainstorming.<\/p>\n<h2>\n\tRosa N\u00e1utica\n\t<\/h2>\n\t<p>Cet espace se distingue par sa polyvalence et peut \u00eatre adapt\u00e9 aux diff\u00e9rents types d&rsquo;\u00e9v\u00e9nements, que ce soit des f\u00eates de Nouvel An, des f\u00eates de mariage ou des \u00e9v\u00e9nements d&rsquo;affaires.<\/p>\n<p>Cette salle peut accueillir jusqu&rsquo;\u00e0 250 personnes.<\/p>\n<h2>\n\tSalle Fal\u00e9sia\n\t<\/h2>\n\t<p>Pour des moments de loisirs et de convivialit\u00e9, notre h\u00f4tel dispose d&rsquo;un vaste espace qui vous permet de profiter de votre s\u00e9jour en toute d\u00e9tente. Tentez une partie de billard ou de ping-pong, ou regardez simplement un film en toute tranquillit\u00e9 et confort.<\/p>\n\t\t\tLaissez-nous votre contact et nous nous occupons de votre stage!\n\t\t\n<div class=\"wpcf7 no-js\" id=\"wpcf7-f993325-o1\" lang=\"pt-PT\" dir=\"ltr\" data-wpcf7-id=\"993325\">\n<div class=\"screen-reader-response\"><p role=\"status\" aria-live=\"polite\" aria-atomic=\"true\"><\/p> <ul><\/ul><\/div>\n<form action=\"\/fr\/wp-json\/wp\/v2\/pages\/992652#wpcf7-f993325-o1\" method=\"post\" class=\"wpcf7-form init\" aria-label=\"Formul\u00e1rio de contacto\" novalidate=\"novalidate\" data-status=\"init\">\n<fieldset class=\"hidden-fields-container\"><input type=\"hidden\" name=\"_wpcf7\" value=\"993325\" \/><input type=\"hidden\" name=\"_wpcf7_version\" value=\"6.1.5\" \/><input type=\"hidden\" name=\"_wpcf7_locale\" value=\"pt_PT\" \/><input type=\"hidden\" name=\"_wpcf7_unit_tag\" value=\"wpcf7-f993325-o1\" \/><input type=\"hidden\" name=\"_wpcf7_container_post\" value=\"0\" \/><input type=\"hidden\" name=\"_wpcf7_posted_data_hash\" value=\"\" \/><input type=\"hidden\" name=\"_wpcf7_recaptcha_response\" value=\"\" \/>\n<\/fieldset>\n<p><input type=\"hidden\" name=\"your-subject\" value=\"Formul\u00e1rio Reuni\u00f5es & Eventos\" \/>\n<\/p>\n<div style=\"margin-bottom: 0px;\">\n\t<p><label> Nom et Pr\u00e9nom *<br \/>\n<span class=\"wpcf7-form-control-wrap\" data-name=\"your-name\"><input size=\"40\" maxlength=\"400\" class=\"wpcf7-form-control wpcf7-text wpcf7-validates-as-required\" id=\"select-nome\" aria-required=\"true\" aria-invalid=\"false\" value=\"\" type=\"text\" name=\"your-name\" \/><\/span> <\/label>\n\t<\/p>\n<\/div>\n<div style=\"margin-bottom: 0px;\">\n\t<p><label> Entreprise *<br \/>\n<span class=\"wpcf7-form-control-wrap\" data-name=\"your-company\"><input size=\"40\" maxlength=\"400\" class=\"wpcf7-form-control wpcf7-text wpcf7-validates-as-required\" id=\"select-empresa\" aria-required=\"true\" aria-invalid=\"false\" value=\"\" type=\"text\" name=\"your-company\" \/><\/span> <\/label>\n\t<\/p>\n<\/div>\n<div class=\"fusion-one-half fusion-layout-column fusion-spacing-yes\">\n\t<p><label style=\"margin-right: 20px;\"> E-mail *<br \/>\n<span class=\"wpcf7-form-control-wrap\" data-name=\"your-email\"><input size=\"40\" maxlength=\"400\" class=\"wpcf7-form-control wpcf7-email wpcf7-validates-as-required wpcf7-text wpcf7-validates-as-email\" id=\"select-email\" aria-required=\"true\" aria-invalid=\"false\" value=\"\" type=\"email\" name=\"your-email\" \/><\/span> <\/label>\n\t<\/p>\n<\/div>\n<div class=\"fusion-one-half fusion-layout-column fusion-column-last fusion-spacing-yes\">\n\t<p><label> T\u00e9l\u00e9phone *<br \/>\n<span class=\"wpcf7-form-control-wrap\" data-name=\"your-phone\"><input size=\"9\" maxlength=\"9\" class=\"wpcf7-form-control wpcf7-tel wpcf7-validates-as-required wpcf7-text wpcf7-validates-as-tel\" id=\"select-phone\" aria-required=\"true\" aria-invalid=\"false\" value=\"\" type=\"tel\" name=\"your-phone\" \/><\/span> <\/label>\n\t<\/p>\n<\/div>\n<div class=\"fusion-one-half fusion-layout-column fusion-spacing-yes\">\n\t<p><label style=\"margin-right: 20px;\"> Date *<br \/>\n<span class=\"wpcf7-form-control-wrap\" data-name=\"your-date\"><input class=\"wpcf7-form-control wpcf7-date wpcf7-validates-as-required wpcf7-validates-as-date\" aria-required=\"true\" aria-invalid=\"false\" value=\"\" type=\"date\" name=\"your-date\" \/><\/span><\/label>\n\t<\/p>\n<\/div>\n<div class=\"fusion-one-half fusion-layout-column fusion-column-last fusion-spacing-yes\">\n\t<p><label> Nombre de personnes<br \/>\n<span class=\"wpcf7-form-control-wrap\" data-name=\"your-people\"><input class=\"wpcf7-form-control wpcf7-number wpcf7-validates-as-number\" id=\"select-pessoas\" aria-invalid=\"false\" value=\"\" type=\"number\" name=\"your-people\" \/><\/span> <\/label>\n\t<\/p>\n<\/div>\n<div style=\"margin-bottom: 0px;\">\n\t<p><label> Observations *<br \/>\n<span class=\"wpcf7-form-control-wrap\" data-name=\"your-message\"><textarea cols=\"40\" rows=\"10\" maxlength=\"2000\" class=\"wpcf7-form-control wpcf7-textarea wpcf7-validates-as-required\" id=\"select-observacoes\" aria-required=\"true\" aria-invalid=\"false\" name=\"your-message\"><\/textarea><\/span> <\/label>\n\t<\/p>\n<\/div>\n<div id=\"btn-aceitacao\">\n\t<p><span class=\"wpcf7-form-control-wrap\" data-name=\"acceptance-866\"><span class=\"wpcf7-form-control wpcf7-acceptance\"><span class=\"wpcf7-list-item\"><input type=\"checkbox\" name=\"acceptance-866\" value=\"1\" id=\"checkAceitacao\" aria-invalid=\"false\" \/><\/span><\/span><\/span><span id=\"textAceitacao\">Lu et approuv\u00e9 la <a href=\"https:\/\/qhhotels.pt\/fr\/politica-de-privacidade\/\" target=\"_blank\">Politique de Confidentialit\u00e9<\/a> de ce site.<\/span>\n\t<\/p>\n<\/div>\n<p style=\"margin-top: 20px; margin-bottom: 25px;\"><input type=\"reset\" id=\"btn-reset-formulario-reunioes\" value=\"effacer\" class=\"btn btn-primary\" \/><input class=\"wpcf7-form-control wpcf7-submit has-spinner btn btn-primary\" id=\"btn-enviar-formulario-reunioes\" type=\"submit\" value=\"Envoyer\" \/>\n<\/p>\n<p>* Champs obligatoires.<br \/>\nNous r\u00e9pondrons dans un d\u00e9lai maximum de deux heures pendant les heures de jour.\n<\/p><div class=\"wpcf7-response-output\" aria-hidden=\"true\"><\/div>\n<\/form>\n<\/div>\n\n\n<\/div><!-- .vgblk-rw-wrapper -->","protected":false},"excerpt":{"rendered":"<p>NOUS RENDONS VOTRE \u00c9V\u00c9NEMENT UNIQUE ET M\u00c9MORABLE! Au QH Praia de Quiaios, vous trouverez les conditions id\u00e9ales pour r\u00e9aliser votre \u00e9v\u00e9nement. L&rsquo;h\u00f4tel dispose de plusieurs espaces int\u00e9rieurs et ext\u00e9rieurs et d&rsquo;une \u00e9quipe professionnelle et d\u00e9vou\u00e9e, pour que tout se passe comme vous l&rsquo;aviez imagin\u00e9, de la d\u00e9coration en passant par les menus, jusqu&rsquo;\u00e0 la musique&#8230;<\/p>\n","protected":false},"author":1,"featured_media":0,"parent":0,"menu_order":0,"comment_status":"closed","ping_status":"closed","template":"","meta":{"inline_featured_image":false,"footnotes":""},"class_list":["post-992652","page","type-page","status-publish","hentry"],"jetpack_sharing_enabled":true,"_links":{"self":[{"href":"https:\/\/qhhotels.pt\/fr\/wp-json\/wp\/v2\/pages\/992652","targetHints":{"allow":["GET"]}}],"collection":[{"href":"https:\/\/qhhotels.pt\/fr\/wp-json\/wp\/v2\/pages"}],"about":[{"href":"https:\/\/qhhotels.pt\/fr\/wp-json\/wp\/v2\/types\/page"}],"author":[{"embeddable":true,"href":"https:\/\/qhhotels.pt\/fr\/wp-json\/wp\/v2\/users\/1"}],"replies":[{"embeddable":true,"href":"https:\/\/qhhotels.pt\/fr\/wp-json\/wp\/v2\/comments?post=992652"}],"version-history":[{"count":5,"href":"https:\/\/qhhotels.pt\/fr\/wp-json\/wp\/v2\/pages\/992652\/revisions"}],"predecessor-version":[{"id":993326,"href":"https:\/\/qhhotels.pt\/fr\/wp-json\/wp\/v2\/pages\/992652\/revisions\/993326"}],"wp:attachment":[{"href":"https:\/\/qhhotels.pt\/fr\/wp-json\/wp\/v2\/media?parent=992652"}],"curies":[{"name":"wp","href":"https:\/\/api.w.org\/{rel}","templated":true}]}}