{"id":992658,"date":"2021-04-20T16:51:53","date_gmt":"2021-04-20T15:51:53","guid":{"rendered":"https:\/\/qhhotels.pt\/fitness-spa\/"},"modified":"2024-02-19T13:04:43","modified_gmt":"2024-02-19T13:04:43","slug":"fitness-spa","status":"publish","type":"page","link":"https:\/\/qhhotels.pt\/fr\/fitness-spa\/","title":{"rendered":"Fitness &#038; SPA"},"content":{"rendered":"<div class=\"vgblk-rw-wrapper limit-wrapper\">\n\n\t<p>D\u00c9TENDEZ VOTRE CORPS &#038; ESPRIT<\/p>\n\t<p>O Fitness Center &amp; Spa va \u00e9lever vos vacances \u00e0 un niveau sup\u00e9rieur et vous inspirer \u00e0 trouver la paix et s\u00e9r\u00e9nit\u00e9 que vous recherchez.<\/p>\n<p>Nos h\u00f4tes ont un libre acc\u00e8s aux commodit\u00e9s offertes par le Fitness Center &amp; Spa, qui incluent les piscines int\u00e9rieure et ext\u00e9rieure e gymnase.<\/p>\n<h2>\n\tSPA\n\t<\/h2>\n\t<p>Dans une ambiance de totale tranquillit\u00e9, vous pourrez trouver plusieurs options de d\u00e9tente et bien-\u00eatre.<\/p>\n\t<p>En raison de la situation pand\u00e9mique actuelle caus\u00e9e par le coronavirus (COVID-19), le SPA se trouve ferm\u00e9 pour une dur\u00e9e ind\u00e9termin\u00e9e.<\/p>\n<h2>\n\tMassages\n\t<\/h2>\n\t<p>D\u00e9tendez-vous, respirez profond\u00e9ment et profitez d&rsquo;une exp\u00e9rience de relaxation absolue, d\u00e9tente et bien-\u00eatre.<\/p>\n\t<p>Devido \u00e0 atual situa\u00e7\u00e3o pand\u00e9mica originada pelo coronav\u00edrus(COVID-19), o SPA encontra-se encerrado por tempo indeterminado.<\/p>\n\t\t\tD\u00c9COUVREZ ICI NOS MASSAGES\n\t\t<ul>\n<li>Massage Localis\u00e9 30&prime; &#8211; 35 \u20ac<\/li>\n<li>Massage Relaxant 60&prime; &#8211; 45 \u20ac<\/li>\n<li>Massage Th\u00e9rapeutique 60&prime; &#8211; 45 \u20ac<\/li>\n<\/ul>\n<h2>\n\tFitness Center\n\t<\/h2>\n\t<p>En pensant \u00e0 votre remise en forme, nous mettons \u00e0 votre disposition un espace bien \u00e9quip\u00e9 pour le cardio-fitness, la musculation et la maintenance.<\/p>\n\t<p>Devido \u00e0 atual situa\u00e7\u00e3o pand\u00e9mica originada pelo coronav\u00edrus(COVID-19), o Fitness Center encontra-se encerrado por tempo indeterminado.<\/p>\n<h2>\n\tTennis\n\t<\/h2>\n\t<p>Nos deux courts sont l&rsquo;espace id\u00e9al pour une comp\u00e9tition en famille.<\/p>\n\t<p>Ils sont indisponibles ind\u00e9finiment.<\/p>\n<h2>\n\tPiscines\n\t<\/h2>\n\t<p>Profitez des journ\u00e9es de soleil dans notre piscine ext\u00e9rieure et profitez de notre espace loisirs. Si la journ\u00e9e n&rsquo;est pas propice aux plongeons \u00e0 l&rsquo;ext\u00e9rieur, profitez-en pour vous d\u00e9tendre dans la piscine int\u00e9rieure.<\/p>\n\tA piscina interior de momento encontra-se fora de servi\u00e7o.<br \/>\n\n\n<\/div><!-- .vgblk-rw-wrapper -->","protected":false},"excerpt":{"rendered":"<p>D\u00c9TENDEZ VOTRE CORPS &#038; ESPRIT O Fitness Center &amp; Spa va \u00e9lever vos vacances \u00e0 un niveau sup\u00e9rieur et vous inspirer \u00e0 trouver la paix et s\u00e9r\u00e9nit\u00e9 que vous recherchez. Nos h\u00f4tes ont un libre acc\u00e8s aux commodit\u00e9s offertes par le Fitness Center &amp; Spa, qui incluent les piscines int\u00e9rieure et ext\u00e9rieure e gymnase. SPA&#8230;<\/p>\n","protected":false},"author":1,"featured_media":0,"parent":0,"menu_order":0,"comment_status":"closed","ping_status":"closed","template":"","meta":{"inline_featured_image":false,"footnotes":""},"class_list":["post-992658","page","type-page","status-publish","hentry"],"jetpack_sharing_enabled":true,"_links":{"self":[{"href":"https:\/\/qhhotels.pt\/fr\/wp-json\/wp\/v2\/pages\/992658","targetHints":{"allow":["GET"]}}],"collection":[{"href":"https:\/\/qhhotels.pt\/fr\/wp-json\/wp\/v2\/pages"}],"about":[{"href":"https:\/\/qhhotels.pt\/fr\/wp-json\/wp\/v2\/types\/page"}],"author":[{"embeddable":true,"href":"https:\/\/qhhotels.pt\/fr\/wp-json\/wp\/v2\/users\/1"}],"replies":[{"embeddable":true,"href":"https:\/\/qhhotels.pt\/fr\/wp-json\/wp\/v2\/comments?post=992658"}],"version-history":[{"count":6,"href":"https:\/\/qhhotels.pt\/fr\/wp-json\/wp\/v2\/pages\/992658\/revisions"}],"predecessor-version":[{"id":995176,"href":"https:\/\/qhhotels.pt\/fr\/wp-json\/wp\/v2\/pages\/992658\/revisions\/995176"}],"wp:attachment":[{"href":"https:\/\/qhhotels.pt\/fr\/wp-json\/wp\/v2\/media?parent=992658"}],"curies":[{"name":"wp","href":"https:\/\/api.w.org\/{rel}","templated":true}]}}