{"id":992664,"date":"2021-04-19T17:19:46","date_gmt":"2021-04-19T16:19:46","guid":{"rendered":"https:\/\/qhhotels.pt\/ofertas\/"},"modified":"2023-02-23T11:28:17","modified_gmt":"2023-02-23T11:28:17","slug":"ofertas","status":"publish","type":"page","link":"https:\/\/qhhotels.pt\/fr\/ofertas\/","title":{"rendered":"Offres"},"content":{"rendered":"<div class=\"vgblk-rw-wrapper limit-wrapper\">\n<h2>\n\tEarly Booking\n\t<\/h2>\n\t<p>Anticipez et r\u00e9servez d\u00e8s maintenant votre chambre au meilleur prix!<\/p>\n<p>Pour toute r\u00e9servation effectu\u00e9e 60 jours \u00e0 l&rsquo;avance, nous offrons une remise de 10% sur le prix de la chambre s\u00e9lectionn\u00e9e.<\/p>\n<h6>\n\t\t\t<a href=\"https:\/\/secure.guestcentric.net\/api\/bg\/book.php?apikey=506ec4af5e8a290ac4e71eefb8ac7c92&#038;s=default&#038;l=pt_PT\" title=\"R\u00c9SERVEZ MAINTENANT \u2192\" target=\"_self\" rel=\"noopener\">\n\tR\u00c9SERVEZ MAINTENANT \u2192\n\t\t\t<\/a>\n\t<\/h6>\n<h2>\n\tLong S\u00e9jour\n\t<\/h2>\n\t<p>Plus vous passerez de temps en notre compagnie, plus vous emporterez de souvenirs avec vous!<\/p>\n<p>Profitez d&rsquo;un long s\u00e9jour dans notre h\u00f4tel et b\u00e9n\u00e9ficiez d&rsquo;une remise de 10% en r\u00e9servant 10 nuits ou plus.<\/p>\n<h6>\n\t\t\t<a href=\"https:\/\/secure.guestcentric.net\/api\/bg\/book.php?apikey=506ec4af5e8a290ac4e71eefb8ac7c92&#038;s=default&#038;l=pt_PT\" title=\"R\u00c9SERVEZ MAINTENANT \u2192\" target=\"_self\" rel=\"noopener\">\n\tR\u00c9SERVEZ MAINTENANT \u2192\n\t\t\t<\/a>\n\t<\/h6>\n\n<\/div><!-- .vgblk-rw-wrapper -->","protected":false},"excerpt":{"rendered":"<p>Early Booking Anticipez et r\u00e9servez d\u00e8s maintenant votre chambre au meilleur prix! Pour toute r\u00e9servation effectu\u00e9e 60 jours \u00e0 l&rsquo;avance, nous offrons une remise de 10% sur le prix de la chambre s\u00e9lectionn\u00e9e. R\u00c9SERVEZ MAINTENANT \u2192 Long S\u00e9jour Plus vous passerez de temps en notre compagnie, plus vous emporterez de souvenirs avec vous! Profitez d&rsquo;un&#8230;<\/p>\n","protected":false},"author":1,"featured_media":0,"parent":0,"menu_order":0,"comment_status":"closed","ping_status":"closed","template":"","meta":{"inline_featured_image":false,"footnotes":""},"class_list":["post-992664","page","type-page","status-publish","hentry"],"jetpack_sharing_enabled":true,"_links":{"self":[{"href":"https:\/\/qhhotels.pt\/fr\/wp-json\/wp\/v2\/pages\/992664","targetHints":{"allow":["GET"]}}],"collection":[{"href":"https:\/\/qhhotels.pt\/fr\/wp-json\/wp\/v2\/pages"}],"about":[{"href":"https:\/\/qhhotels.pt\/fr\/wp-json\/wp\/v2\/types\/page"}],"author":[{"embeddable":true,"href":"https:\/\/qhhotels.pt\/fr\/wp-json\/wp\/v2\/users\/1"}],"replies":[{"embeddable":true,"href":"https:\/\/qhhotels.pt\/fr\/wp-json\/wp\/v2\/comments?post=992664"}],"version-history":[{"count":5,"href":"https:\/\/qhhotels.pt\/fr\/wp-json\/wp\/v2\/pages\/992664\/revisions"}],"predecessor-version":[{"id":993554,"href":"https:\/\/qhhotels.pt\/fr\/wp-json\/wp\/v2\/pages\/992664\/revisions\/993554"}],"wp:attachment":[{"href":"https:\/\/qhhotels.pt\/fr\/wp-json\/wp\/v2\/media?parent=992664"}],"curies":[{"name":"wp","href":"https:\/\/api.w.org\/{rel}","templated":true}]}}