{"id":993354,"date":"2021-04-09T11:43:21","date_gmt":"2021-04-09T11:43:21","guid":{"rendered":"https:\/\/qhhotels.pt\/politica-de-cookies\/"},"modified":"2023-03-02T14:05:49","modified_gmt":"2023-03-02T14:05:49","slug":"politica-de-cookies","status":"publish","type":"page","link":"https:\/\/qhhotels.pt\/fr\/politica-de-cookies\/","title":{"rendered":"Politique de Cookies"},"content":{"rendered":"<div class=\"vgblk-rw-wrapper limit-wrapper\">\n\n<h3>Que sont des cookies?<\/h3>\n<p>Les \u00ab\u00a0cookies\u00a0\u00bb sont de petites \u00e9tiquettes logicielles qui sont stock\u00e9es sur votre ordinateur par le biais du navigateur (browser), ne conservant que les informations li\u00e9es \u00e0 vos pr\u00e9f\u00e9rences, n&rsquo;incluant pas, \u00e0 ce titre, vos donn\u00e9es personnelles.<\/p>\n<h3>\u00c0 quoi servente les cookies?<\/h3>\n<p>Les cookies servent \u00e0 aider \u00e0 d\u00e9terminer l&rsquo;utilit\u00e9, l&rsquo;int\u00e9r\u00eat et le nombre d&rsquo;utilisations de vos sites internet, permettant une navigation plus rapide et efficace, \u00e9liminant la n\u00e9cessit\u00e9 de saisir \u00e0 plusieurs reprises les m\u00eames informations.<\/p>\n<h3>Quels sont les types de cookies?<\/h3>\n<p>Il existe deux groupes de cookies qui peuvent \u00eatre utilis\u00e9s:<\/p>\n<p>&#8211; Cookies permanents &#8211; ce sont des cookies qui sont stock\u00e9s au niveau du navigateur sur vos dispositifs d&rsquo;acc\u00e8s (PC, portable et tablette) et qui sont utilis\u00e9s chaque fois que vous effectuez une nouvelle visite sur l&rsquo;un de nos sites Web. Ils sont g\u00e9n\u00e9ralement utilis\u00e9s pour orienter la navigation vers les int\u00e9r\u00eats de l&rsquo;utilisateur, nous permettant de fournir un service plus personnalis\u00e9.<\/p>\n<p>&#8211; Cookies de session &#8211; ce sont des cookies temporaires qui restent dans le fichier de cookies de votre navigateur jusqu&rsquo;\u00e0 ce que vous quittiez le site Web. Les informations obtenues par ces cookies servent \u00e0 analyser les mod\u00e8les de trafic Web, ce qui nous permet d&rsquo;identifier les probl\u00e8mes et de fournir une meilleure exp\u00e9rience de navigation.<\/p>\n<h3>Quelles finalit\u00e9s ont les cookies?<\/h3>\n<p>&#8211; Cookies strictement n\u00e9cessaires &#8211; Vous permettent de naviguer sur le site Web et d&rsquo;utiliser ses applications, ainsi que d&rsquo;acc\u00e9der \u00e0 des zones s\u00e9curis\u00e9es du site Web. Sans ces cookies, les services que vous avez demand\u00e9s ne peuvent pas \u00eatre fournis.<\/p>\n<p>&#8211; Cookies analytiques &#8211; Ils sont utilis\u00e9s de mani\u00e8re anonyme dans le but de cr\u00e9er et d&rsquo;analyser des statistiques, afin d&rsquo;am\u00e9liorer le fonctionnement du site Web.<\/p>\n<p>&#8211; Cookies de fonctionnalit\u00e9s &#8211; Gardent les pr\u00e9f\u00e9rences de l&rsquo;utilisateur relativement \u00e0 l&rsquo;utilisation du site, afin qu&rsquo;il ne soit pas n\u00e9cessaire de reconfigurer le site \u00e0 chaque visite.<\/p>\n<p>&#8211; Cookies tiers &#8211; Mesurer le succ\u00e8s des applications et l&rsquo;efficacit\u00e9 des publicit\u00e9s tierces. Ils peuvent \u00e9galement \u00eatre utilis\u00e9s pour personnaliser un widget avec des donn\u00e9es utilisateur.<\/p>\n<p>&#8211; Cookies publicitaires &#8211; Ils dirigent la publicit\u00e9 en fonction des int\u00e9r\u00eats de chaque utilisateur, afin de diriger des campagnes publicitaires en tenant compte des go\u00fbts des utilisateurs, et, par ailleurs, limitent le nombre de fois o\u00f9 l&rsquo;annonce est vue, aidant \u00e0 mesurer l&rsquo;efficacit\u00e9 publicitaire et le succ\u00e8s de l&rsquo;organisation du site Web.<\/p>\n<h3>Comment g\u00e9rer les cookies?<\/h3>\n<p>Tous les navigateurs permettent \u00e0 l&rsquo;utilisateur d&rsquo;accepter, de refuser ou de supprimer les cookies, notamment en s\u00e9lectionnant les param\u00e8tres appropri\u00e9s dans le respectif navigateur. Vous pouvez param\u00e9trer les cookies dans le menu \u00ab\u00a0options\u00a0\u00bb ou \u00ab\u00a0pr\u00e9f\u00e9rences\u00a0\u00bb de votre navigateur.<\/p>\n<p>Il convient toutefois de noter qu&rsquo;en d\u00e9sactivant les cookies, cela peut emp\u00eacher le bon fonctionnement de certains services Web, affectant, partiellement ou totalement, la navigation sur le site Web.<\/p>\n<p>Pour plus d&rsquo;informations sur les cookies et leur utilisation, nous vous sugg\u00e9rons de consulter le lien suivant: <a href=\"http:\/\/www.youronlinechoices.com\/fr\/\" target=\"_blank\" rel=\"noopener\">http:\/\/www.youronlinechoices.com\/fr\/<\/a><\/p>\n\n<\/div><!-- .vgblk-rw-wrapper -->","protected":false},"excerpt":{"rendered":"<p>Que sont des cookies? Les \u00ab\u00a0cookies\u00a0\u00bb sont de petites \u00e9tiquettes logicielles qui sont stock\u00e9es sur votre ordinateur par le biais du navigateur (browser), ne conservant que les informations li\u00e9es \u00e0 vos pr\u00e9f\u00e9rences, n&rsquo;incluant pas, \u00e0 ce titre, vos donn\u00e9es personnelles. \u00c0 quoi servente les cookies? Les cookies servent \u00e0 aider \u00e0 d\u00e9terminer l&rsquo;utilit\u00e9, l&rsquo;int\u00e9r\u00eat et&#8230;<\/p>\n","protected":false},"author":1,"featured_media":0,"parent":0,"menu_order":0,"comment_status":"closed","ping_status":"closed","template":"","meta":{"inline_featured_image":false,"footnotes":""},"class_list":["post-993354","page","type-page","status-publish","hentry"],"jetpack_sharing_enabled":true,"_links":{"self":[{"href":"https:\/\/qhhotels.pt\/fr\/wp-json\/wp\/v2\/pages\/993354","targetHints":{"allow":["GET"]}}],"collection":[{"href":"https:\/\/qhhotels.pt\/fr\/wp-json\/wp\/v2\/pages"}],"about":[{"href":"https:\/\/qhhotels.pt\/fr\/wp-json\/wp\/v2\/types\/page"}],"author":[{"embeddable":true,"href":"https:\/\/qhhotels.pt\/fr\/wp-json\/wp\/v2\/users\/1"}],"replies":[{"embeddable":true,"href":"https:\/\/qhhotels.pt\/fr\/wp-json\/wp\/v2\/comments?post=993354"}],"version-history":[{"count":2,"href":"https:\/\/qhhotels.pt\/fr\/wp-json\/wp\/v2\/pages\/993354\/revisions"}],"predecessor-version":[{"id":993618,"href":"https:\/\/qhhotels.pt\/fr\/wp-json\/wp\/v2\/pages\/993354\/revisions\/993618"}],"wp:attachment":[{"href":"https:\/\/qhhotels.pt\/fr\/wp-json\/wp\/v2\/media?parent=993354"}],"curies":[{"name":"wp","href":"https:\/\/api.w.org\/{rel}","templated":true}]}}