{"id":993357,"date":"2021-03-22T15:40:35","date_gmt":"2021-03-22T15:40:35","guid":{"rendered":"https:\/\/qhhotels.pt\/politica-de-privacidade\/"},"modified":"2023-02-16T16:51:13","modified_gmt":"2023-02-16T16:51:13","slug":"politica-de-privacidade","status":"publish","type":"page","link":"https:\/\/qhhotels.pt\/fr\/politica-de-privacidade\/","title":{"rendered":"Politique de Confidentialit\u00e9"},"content":{"rendered":"<div class=\"vgblk-rw-wrapper limit-wrapper\">\n\n<h3>1. Engagements du QH HOTELS &#8211; Praia de Quiaios<\/h3>\n<p>La politique de confidentialit\u00e9 et protection des donn\u00e9es personnelles constitue un compromis fondamental du QH HOTELS &#8211; Praia de Quiaios envers ses clients et utilisateurs de ses produits et services.<\/p>\n<p>Le QH HOTELS &#8211; Praia de Quiaios conseille la lecture de cette politique de confidentialit\u00e9 et de ses respectives actualisations. En cas de changement de politique de confidentialit\u00e9, la date de sa derni\u00e8re modification, disponible en haut de cette page, sera \u00e9galement mise \u00e0 jour. Si la modification est substantielle, un avis pourra \u00e9galement \u00eatre plac\u00e9 sur le Site.<\/p>\n<p>La politique de confidentialit\u00e9 ainsi que le traitement des donn\u00e9es personnelles respectent la r\u00e9glementation et les dispositions des lois appliqu\u00e9es \u00e0 la R\u00e9publique du Portugal. Tout litige doit \u00eatre soumis exclusivement \u00e0 la comp\u00e9tence des tribunaux judiciaires du district de Lisbonne, sans pr\u00e9judice des r\u00e8gles l\u00e9gales imp\u00e9ratives applicables.<\/p>\n<h3>2. Donn\u00e9es personnelles, titulaires de donn\u00e9es personnelles et cat\u00e9gorie de donn\u00e9es personnelles<\/h3>\n<p><strong>Que sont les donn\u00e9es personnelles?<\/strong><\/p>\n<p>Les Donn\u00e9es Personnelles sont toute information, quel qu&rsquo;en soit la nature et support, relative \u00e0 une personne physique identifi\u00e9e ou identifiable. Une personne qui peut \u00eatre identifi\u00e9e directement ou indirectement, par exemple par le nom, par le num\u00e9ro d&rsquo;identification, par les donn\u00e9es de localisation, par l&rsquo;identifiant \u00e9lectronique ou par d&rsquo;autres \u00e9l\u00e9ments permettant l&rsquo;identification de cette personne physique, est consid\u00e9r\u00e9e comme identifiable.<\/p>\n<p><strong>Qui sont les titulaires des donn\u00e9es personnelles?<\/strong><\/p>\nLe Client, personne physique, \u00e0 qui les donn\u00e9es se rapportent et qui a utilis\u00e9 les services ou produits de QH HOTELS &#8211; Praia de Quiaios. Par exemple, sera un client de QH HOTELS &#8211; Praia de Quiaios qui a conclu un contrat de fourniture de biens ou de prestation de services. Sera un client potentiel, celui qui fera objet de campagnes publicitaires ou d&rsquo;offres promotionnelles de QH HOTELS &#8211; Praia de Quiaios, ainsi que celui qui demande des informations sur les produits et services commercialis\u00e9s par QH HOTELS &#8211; Praia de Quiaios.<br \/>\n\u00c0 cet \u00e9gard, le QH HOTELS &#8211; Praia de Quiaios prot\u00e8gera \u00e9galement les donn\u00e9es personnelles et respectera les droits des Clients.\n<p><strong>Quelle cat\u00e9gorie de donn\u00e9es personnelles traitons-nous?<\/strong><\/p>\n<table border=\"1\" width=\"600\" cellspacing=\"0\" cellpadding=\"10\">\n<tbody>\n<tr>\n<th>Cat\u00e9gorie de donn\u00e9es personnelles<\/th>\n<th>Exemples de donn\u00e9es personnelles<\/th>\n<\/tr>\n<tr>\n<td>Identification<\/td>\n<td>Nom<br \/>\nNum\u00e9ro d&rsquo;identification<br \/>\nNum\u00e9ro fiscal<br \/>\nNacionalit\u00e9<br \/>\nDate de naissance<br \/>\nNum\u00e9ro de client<br \/>\nNum\u00e9ro de chambre<\/td>\n<\/tr>\n<tr>\n<td>Contacts<\/td>\n<td>Adresse<br \/>\nContact t\u00e9l\u00e9phonique<br \/>\nAdresse e-mail<\/td>\n<\/tr>\n<tr>\n<td>Profil<\/td>\n<td>Nacionalit\u00e9<br \/>\nPays de r\u00e9sidence<br \/>\nDate de naissance<br \/>\nSexe<br \/>\n\u00c9tat civil<br \/>\nNombre d&rsquo;enfants<\/td>\n<\/tr>\n<tr>\n<td>Int\u00e9r\u00eats<\/td>\n<td>Historique des transactions<br \/>\nLoisirs<br \/>\nCartes de fid\u00e9lit\u00e9<\/td>\n<\/tr>\n<tr>\n<td>Interactions \u00e9lectroniques<\/td>\n<td>Adresse IP<br \/>\nIdentificateurs d&rsquo;appareil<br \/>\nCookies<\/td>\n<\/tr>\n<\/tbody>\n<\/table>\n<h3>3. Base, finalit\u00e9s et dur\u00e9e du traitement des donn\u00e9es personnelles<\/h3>\n<p><strong>Pour quel motif le QH HOTELS &#8211; Praia de Quiaios peut traiter de vos donn\u00e9es personnelles?<\/strong><\/p>\n<ul>\n<li><u>Consentement:<\/u> lorsque vous aurez votre consentement explicite &#8211; par \u00e9crit, oralement ou \u00e0 travers la validation d&rsquo;une option &#8211; et au pr\u00e9alable et si ce consentement est libre, inform\u00e9, sp\u00e9cifique et non \u00e9quivoque. Il s&rsquo;agit d&rsquo;exemples de votre consentement pour envoyer des messages de marketing direct, d\u00e9finitions de profis, partage de donn\u00e9es avec d&rsquo;autres entit\u00e9s;<\/li>\n<li><u>Ex\u00e9cution du contrat et des \u00e9tapes pr\u00e9contractuelles:<\/u> lorsque le traitement des donn\u00e9es personnelles est n\u00e9cessaire \u00e0 la signature, \u00e0 l&rsquo;ex\u00e9cution et \u00e0 la gestion du contrat sign\u00e9 avec le QH HOTELS &#8211; Praia de Quiaios, comme par exemple pour les demandes d&rsquo;informations, pour la pr\u00e9paration de propositions et offres de services, pour la prestation de services, pour la gestion des contacts\/r\u00e9clamations, pour la facturation\/cr\u00e9ances\/paiements;<\/li>\n<li><u>Respect d&rsquo;une obligation l\u00e9gale:<\/u> lorsque le traitement des donn\u00e9es personnelles est n\u00e9cessaire pour satisfaire une obligation l\u00e9gale \u00e0 laquelle le QH HOTELS &#8211; Praia de Quiaios est soumis, comme par exemple la communication des donn\u00e9es au service de police, au service judiciaire, fiscale ou aux autorit\u00e9s r\u00e9glementaires;<\/li>\n<li><u>Int\u00e9r\u00eat l\u00e9gitime:<\/u> lorsque le traitement des donn\u00e9es personnelles correspond \u00e0 un int\u00e9r\u00eat l\u00e9gitime du QH HOTELS &#8211; Praia de Quiaios ou de tiers, comme par exemple l&rsquo;am\u00e9lioration de la qualit\u00e9 de service, la d\u00e9tection de fraudes ou lorsque les raisons de son utilisation doivent pr\u00e9valoir sur les droits des titulaires des donn\u00e9es.<\/li>\n<\/ul>\n<p><strong>Dans quel but et pendant combien de temps le QH HOTELS &#8211; Praia de Quiaios traite de vos donn\u00e9es personnelles?<\/strong><\/p>\n<p>Vos donn\u00e9es personnelles sont trait\u00e9es par le QH HOTELS &#8211; Praia de Quiaios uniquement pendant la dur\u00e9e n\u00e9cessaire \u00e0 la r\u00e9alisation de la finalit\u00e9 d\u00e9finie ou, selon le cas, jusqu&rsquo;\u00e0 ce que vous exerciez votre droit d&rsquo;opposition, droit \u00e0 l&rsquo;oubli ou le retrait de votre consentement. Apr\u00e8s la respective p\u00e9riode de conservation \u00e9coul\u00e9e, le QH HOTELS &#8211; Praia de Quiaios \u00e9liminera ou anonymisera les donn\u00e9es \u00e0 chaque fois que les m\u00eames ne devraient pas \u00eatre conserv\u00e9es dans un but diff\u00e9rent qui pourrait subsister.<\/p>\n<table border=\"1\" width=\"600\" cellspacing=\"0\" cellpadding=\"10\">\n<tbody>\n<tr>\n<th>Cat\u00e9gorie de finalit\u00e9s<\/th>\n<th>Exemples de finalit\u00e9s<\/th>\n<\/tr>\n<tr>\n<td>Marketing<\/td>\n<td>Marketing ou vente de nouveaux services ou produits<br \/>\nAnalyse de clients (par ex. profis de consommation)<br \/>\nAdaptation et d\u00e9veloppement de nouveaux services ou produits<\/td>\n<\/tr>\n<tr>\n<td>Gestion de Clients et Prestation de Service<\/td>\n<td>Gestion de contacts, informations ou demandes<br \/>\nGestion de r\u00e9clamations<br \/>\nGestion de facturation, cr\u00e9ances et paiemets<\/td>\n<\/tr>\n<tr>\n<td>Comptabilit\u00e9, Fiscalit\u00e9 et Gestion Administrative<\/td>\n<td>Comptabilit\u00e9, facturation<br \/>\nGestion de comissions<br \/>\nInformation fiscale, y compris l&rsquo;envoi d&rsquo;informations aux autorit\u00e9s fiscales<\/td>\n<\/tr>\n<tr>\n<td>Gestion des Litiges<\/td>\n<td>Gestion des litiges<br \/>\nGestion d&rsquo;autres conflits<\/td>\n<\/tr>\n<tr>\n<td>Contr\u00f4le de la s\u00e9curit\u00e9 physique<\/td>\n<td>Vid\u00e9osurveillance des installations<\/td>\n<\/tr>\n<\/tbody>\n<\/table>\n<p><strong>Combien de temps vos donn\u00e9es personnelles sont-elles conserv\u00e9es?<\/strong><\/p>\n<p>Le QH HOTELS &#8211; Praia de Quiaios g\u00e8re et conserve vos donn\u00e9es personnelles conform\u00e9ment aux finalit\u00e9s pour lesquelles elles sont trait\u00e9es. Il existe des cas o\u00f9 la loi oblige au traitement et conservation des donn\u00e9es pendant une dur\u00e9e minimale, notamment pendant 10 ans les donn\u00e9es n\u00e9cessaires \u00e0 l&rsquo;information des autorit\u00e9s fiscales pour des fins comptables ou fiscales ou les donn\u00e9es relatives \u00e0 la tenue de livres commerciaux, aussi bien que pendant 7 ans avec la finalit\u00e9 la lutte contre le blanchiment de capitaux et le financement du terrorisme.<\/p>\n<p>Mais, en l&rsquo;absence d&rsquo;obligation l\u00e9gale sp\u00e9cifique, les donn\u00e9es seront alors trait\u00e9es uniquement pendant la p\u00e9riode n\u00e9cessaire pour le respect des finalit\u00e9s qui ont motiv\u00e9 leur collecte et leur conservation, et toujours conform\u00e9ment \u00e0 la loi, aux directives et aux d\u00e9cisions de la CNPD. Ainsi, le QH HOTELS &#8211; Praia de Quiaios g\u00e8rera et conservera vos donn\u00e9es personnelles le temps que la relation contractuelle avec vous soit maintenue.<\/p>\n<p>En ce qui concerne la vid\u00e9osurveillance de ses installations, le QH HOTELS &#8211; Praia de Quiaios ne conservera les enregistrements d&rsquo;images et de donn\u00e9es personnelles respectives que pendant une p\u00e9riode maximale de 30 jours.<\/p>\n<p>Le QH HOTELS &#8211; Praia de Quiaios peut conserver d&rsquo;autres donn\u00e9es personnelles pour des p\u00e9riodes sup\u00e9rieures \u00e0 la dur\u00e9e de la relation contractuelle, ayant soit pour base votre consentement, soit pour assurer droits ou devoirs li\u00e9s au contrat, soit encore dut \u00e0 l&rsquo;existence d&rsquo;int\u00e9r\u00eats l\u00e9gitimes qui le justifient, mais toujours pour la dur\u00e9e strictement n\u00e9cessaire \u00e0 la r\u00e9alisation des finalit\u00e9s respectives et conform\u00e9ment aux orientations et d\u00e9cisions de la CNPD.<\/p>\n<p>Les exemples sont les contacts \u00e0 des fins de marketing et de vente, conservation des donn\u00e9es dans le cadre des processus de r\u00e9clamation de factures, exercice des droits de garantie ou litiges juridiques en cours.<\/p>\n<h3>4. Mani\u00e8re et moment de la collecte des donn\u00e9es personnelles<\/h3>\n<p><strong>Quand et comment sont collect\u00e9es vos donn\u00e9es personnelles?<\/strong><\/p>\n<p>Nous collectons les donn\u00e9es personnelles avec votre consentement ou lorsque vous achetez des services ou des produits du QH HOTELS &#8211; Praia de Quiaios.<\/p>\n<p>La collecte peut se faire oralement, par \u00e9crit ou via le site Web du QH HOTELS &#8211; Praia de Quiaios.<\/p>\n<p>Mais vos informations personnelles peuvent \u00e9galement \u00eatre collect\u00e9es \u00e0 partir de sources accessibles au public ou d&rsquo;autres sources, comme les agences de voyages, dont la responsabilit\u00e9 d&rsquo;assurer la protection des donn\u00e9es et la s\u00e9curit\u00e9 des informations s&rsquo;applique \u00e9galement.<\/p>\n<h3>5. Droits du titulaire des donn\u00e9es personnelles<\/h3>\n<p><strong>Quels sont vos droits?<\/strong><\/p>\n<p>Droit d&rsquo;Acc\u00e8s &#8211; droit d&rsquo;obtenir la confirmation des donn\u00e9es personnelles utilis\u00e9es et des informations \u00e0 leur sujet, comme par exemple, les finalit\u00e9s du traitement, les p\u00e9riodes de conservation, entre autres.<\/p>\n<p>Droit de voir ou d&rsquo;obtenir une copie, par exemple de factures ou d&rsquo;accords \u00e9crits.<\/p>\n<p>Droit de Rectification &#8211; droit de demander la rectification de vos donn\u00e9es personnelles qui sont inexactes ou de demander que les donn\u00e9es personnelles incompl\u00e8tes soient compl\u00e9t\u00e9es, comme par exemple l&rsquo;adresse, le num\u00e9ro fiscal, l&rsquo;e-mail, les contacts t\u00e9l\u00e9phoniques ou autres.<\/p>\n<p>Droit d&rsquo;Effacer les donn\u00e9es ou \u00ab\u00a0Droit \u00e0 l&rsquo;Oubli\u00a0\u00bb &#8211; droit d&rsquo;effacer vos donn\u00e9es personnelles, \u00e0 condition qu&rsquo;il n&rsquo;y ait pas de motif valable pour leur conservation, comme par exemple dans le cas o\u00f9 le QH HOTELS &#8211; Praia de Quiaios doit conserver les donn\u00e9es pour respecter une obligation l\u00e9gale ou dans le cas d&rsquo;une proc\u00e9dure judiciaire en cours.<\/p>\n<p>Droit \u00e0 la Portabilit\u00e9 &#8211; droit de recevoir les donn\u00e9es fournies en format num\u00e9rique couramment utilis\u00e9 et de lecture automatique ou de demander la transmission directe de vos donn\u00e9es \u00e0 une autre entit\u00e9 qui devient le nouveau responsable de vos donn\u00e9es personnelles, mais dans ce cas uniquement si cela est techniquement possible.<\/p>\n<p>Droit de retirer son Consentement ou Droit d&rsquo;Opposition &#8211; droit de s&rsquo;opposer ou de retirer son consentement \u00e0 tout moment au traitement des donn\u00e9es, comme par exemple dans le cas du traitement des donn\u00e9es \u00e0 des fins de marketing, \u00e0 condition qu&rsquo;aucun int\u00e9r\u00eat l\u00e9gitime ne pr\u00e9vale sur ses int\u00e9r\u00eats, droits et libert\u00e9s, comme par exemple d\u00e9fendre un droit dans un proc\u00e8s judiciaire.<\/p>\n<p>Droit de Limitation &#8211; droit de demander la limitation du traitement de vos donn\u00e9es personnelles, sous la forme de : (i) suspension du traitement ou (ii) limitation de la port\u00e9e du traitement \u00e0 certaines cat\u00e9gories de donn\u00e9es ou finalit\u00e9s de traitement.<\/p>\n<p>Profil et D\u00e9cisions Automatis\u00e9es &#8211; Le QH HOTELS &#8211; Praia de Quiaios peut profiler les clients en fonction, par exemple, de leurs pr\u00e9f\u00e9rences ou int\u00e9r\u00eats personnels, notamment pour fournir des services, augmenter la qualit\u00e9 et l&rsquo;exp\u00e9rience des produits et services, ou ajuster les communications de marketing direct, \u00e0 condition que ce traitement soit n\u00e9cessaire \u00e0 la conclusion ou \u00e0 l&rsquo;ex\u00e9cution du contrat entre le titulaire et le QH HOTELS &#8211; Praia de Quiaios ou fond\u00e9 sur le consentement du titulaire.<\/p>\n<p>Lorsque le traitement des donn\u00e9es personnelles, y compris le traitement pour la d\u00e9finition de profil, est exclusivement automatis\u00e9 (sans intervention humaine) et peut produire des effets dans sa sph\u00e8re juridique ou l&rsquo;affecter de mani\u00e8re significative, le Client aura le droit de ne faire l&rsquo;objet d&rsquo;aucune d\u00e9cision fond\u00e9e sur ce traitement automatique, sauf exceptions pr\u00e9vues par la loi, et aura le droit que le QH HOTELS &#8211; Praia de Quiaios adopte des mesures appropri\u00e9es pour sauvegarder ses droits et libert\u00e9s et ses int\u00e9r\u00eats l\u00e9gitimes, y compris le droit \u00e0 l&rsquo;intervention humaine dans la prise de d\u00e9cision par le QH HOTELS &#8211; Praia de Quiaios, le droit de manifester son point de vue ou de contester la d\u00e9cision prise sur la base du traitement automatis\u00e9 des donn\u00e9es personnelles.<\/p>\n<p>Droit de R\u00e9clamation &#8211; droit de pr\u00e9senter une r\u00e9clamation aupr\u00e8s de l&rsquo;autorit\u00e9 de contr\u00f4le, la CNPD, en plus de l&rsquo;entreprise ou du DPO.<\/p>\n<p><strong>Comment exercer vos droits?<\/strong><\/p>\n<p>L&rsquo;exercice des droits est gratuit, sauf en cas de demande manifestement infond\u00e9e ou excessive, sur laquelle des frais raisonnables pourront \u00eatre factur\u00e9s compte tenu des frais.<\/p>\n<p>Pour exercer vos droits, vous devez vous rendre au QH HOTELS &#8211; Praia de Quiaios. L&rsquo;exception concerne le droit de retirer votre consentement\/opposition &#8211; pouvant avoir \u00e9t\u00e9 fourni sous forme num\u00e9rique, il pourra \u00eatre exerc\u00e9 \u00e0 travers l&rsquo;adresse e-mail suivante: dpo@qhhotels.pt<\/p>\n<p>La r\u00e9ponse aux demandes doit \u00eatre fournie dans un d\u00e9lai maximum de 30 jours, sauf s&rsquo;il s&rsquo;agit d&rsquo;une demande particuli\u00e8rement complexe.<\/p>\n<h3>6. Diffusion de donn\u00e9es personnelles<\/h3>\n<p><strong>Dans quelles circonstances y a-t-il communication de vos donn\u00e9es personnelles \u00e0 d&rsquo;autres entit\u00e9s, sous-traitants ou tierces personnes?<\/strong><\/p>\n<p>Vos donn\u00e9es peuvent \u00eatre transmises \u00e0 des sous-traitants afin qu&rsquo;ils puissent les traiter au nom et pour le compte de QH HOTELS &#8211; Praia de Quiaios. Dans ce cas, le QH HOTELS &#8211; Praia de Quiaios prendra les mesures contractuelles n\u00e9cessaires pour s&rsquo;assurer que les sous-traitants respectent et prot\u00e8gent les donn\u00e9es personnelles du Client.<\/p>\n<p>Les donn\u00e9es peuvent \u00e9galement \u00eatre transmises \u00e0 des tiers &#8211; entit\u00e9s autres que le QH HOTELS &#8211; Praia de Quiaios ou sous-traitants &#8211; si le titulaire y a consenti ou entit\u00e9s auxquelles les donn\u00e9es doivent \u00eatre communiqu\u00e9es par la loi, telles que l&rsquo;administration fiscale.<\/p>\n<h3>7. Mesures de s\u00e9curit\u00e9<\/h3>\n<p><strong>Comment le QH HOTELS &#8211; Praia de Quiaios protege-t-il vos donn\u00e9es personnelles?<\/strong><\/p>\n<p>Le QH HOTELS &#8211; Praia de Quiaios a mis en place les mesures logiques, physiques, organisationnelles et de s\u00e9curit\u00e9 appropri\u00e9es, n\u00e9cessaires et suffisantes pour prot\u00e9ger vos donn\u00e9es personnelles contre la destruction, la perte, la modification, la diffusion, l&rsquo;acc\u00e8s non autoris\u00e9 ou toute autre forme de traitement accidentel ou illicite. \u00c0 savoir:<\/p>\n<ul>\n<li>Chaque fois que des informations de carte de cr\u00e9dit sont demand\u00e9es, cette communication s&rsquo;effectue via une ligne s\u00e9curis\u00e9e SSL (Secured Sockets Layer), lors de l&rsquo;utilisation de navigateurs permettant SSL, tels que Microsoft Internet Explorer ou Netscape Navigator;<\/li>\n<li>Nous utiliserons \u00e9galement SSL sur toutes les pages o\u00f9 des informations personnelles sont demand\u00e9es, ce qui signifie que vos informations seront envoy\u00e9es par Internet sous forme crypt\u00e9e. Vous pourrez v\u00e9rifier que vous \u00eates en mode s\u00e9curis\u00e9 lorsque vous verrez une ic\u00f4ne de cadenas ou de cl\u00e9 dans le coin inf\u00e9rieur droit ou inf\u00e9rieur gauche de votre \u00e9cran.<\/li>\n<\/ul>\n<h3>8. Politique de Cookies<\/h3>\n<p><strong>Que sont des cookies?<\/strong><\/p>\n<p>Les \u00ab\u00a0cookies\u00a0\u00bb sont de petites \u00e9tiquettes logicielles qui sont stock\u00e9es sur votre ordinateur par le biais du navigateur (browser), ne conservant que les informations li\u00e9es \u00e0 vos pr\u00e9f\u00e9rences, n&rsquo;incluant pas, \u00e0 ce titre, vos donn\u00e9es personnelles.<\/p>\n<p><strong>\u00c0 quoi servente les cookies?<\/strong><\/p>\n<p>Les cookies servent \u00e0 aider \u00e0 d\u00e9terminer l&rsquo;utilit\u00e9, l&rsquo;int\u00e9r\u00eat et le nombre d&rsquo;utilisations de vos sites internet, permettant une navigation plus rapide et efficace, \u00e9liminant la n\u00e9cessit\u00e9 de saisir \u00e0 plusieurs reprises les m\u00eames informations.<\/p>\n<p><strong>Quels sont les types de cookies?<\/strong><\/p>\n<p>Il existe deux groupes de cookies qui peuvent \u00eatre utilis\u00e9s:<\/p>\n<p><u>Cookies permanents<\/u> &#8211; ce sont des cookies qui sont stock\u00e9s au niveau du navigateur sur vos dispositifs d&rsquo;acc\u00e8s (PC, portable et tablette) et qui sont utilis\u00e9s chaque fois que vous effectuez une nouvelle visite sur l&rsquo;un de nos sites Web. Ils sont g\u00e9n\u00e9ralement utilis\u00e9s pour orienter la navigation vers les int\u00e9r\u00eats de l&rsquo;utilisateur, nous permettant de fournir un service plus personnalis\u00e9.<\/p>\n<p><u>Cookies de session<\/u> &#8211; ce sont des cookies temporaires qui restent dans le fichier de cookies de votre navigateur jusqu&rsquo;\u00e0 ce que vous quittiez le site Web. Les informations obtenues par ces cookies servent \u00e0 analyser les mod\u00e8les de trafic Web, ce qui nous permet d&rsquo;identifier les probl\u00e8mes et de fournir une meilleure exp\u00e9rience de navigation.<\/p>\n<p><strong>Quelles finalit\u00e9s ont les cookies?<\/strong><\/p>\n<p><u>Cookies strictement n\u00e9cessaires<\/u> &#8211; Vous permettent de naviguer sur le site Web et d&rsquo;utiliser ses applications, ainsi que d&rsquo;acc\u00e9der \u00e0 des zones s\u00e9curis\u00e9es du site Web. Sans ces cookies, les services que vous avez demand\u00e9s ne peuvent pas \u00eatre fournis.<\/p>\n<p><u>Cookies analytiques<\/u> &#8211; Ils sont utilis\u00e9s de mani\u00e8re anonyme dans le but de cr\u00e9er et d&rsquo;analyser des statistiques, afin d&rsquo;am\u00e9liorer le fonctionnement du site Web.<\/p>\n<p><u>Cookies de fonctionnalit\u00e9s<\/u> &#8211; Gardent les pr\u00e9f\u00e9rences de l&rsquo;utilisateur relativement \u00e0 l&rsquo;utilisation du site, afin qu&rsquo;il ne soit pas n\u00e9cessaire de reconfigurer le site \u00e0 chaque visite.<\/p>\n<p><u>Cookies tiers<\/u> &#8211; Mesurer le succ\u00e8s des applications et l&rsquo;efficacit\u00e9 des publicit\u00e9s tierces. Ils peuvent \u00e9galement \u00eatre utilis\u00e9s pour personnaliser un widget avec des donn\u00e9es utilisateur.<\/p>\n<p><u>Cookies publicitaires<\/u> &#8211; Ils dirigent la publicit\u00e9 en fonction des int\u00e9r\u00eats de chaque utilisateur, afin de diriger des campagnes publicitaires en tenant compte des go\u00fbts des utilisateurs, et, par ailleurs, limitent le nombre de fois o\u00f9 l&rsquo;annonce est vue, aidant \u00e0 mesurer l&rsquo;efficacit\u00e9 publicitaire et le succ\u00e8s de l&rsquo;organisation du site Web.<\/p>\n<p><strong>Comment g\u00e9rer les cookies?<\/strong><\/p>\n<p>Tous les navigateurs permettent \u00e0 l&rsquo;utilisateur d&rsquo;accepter, de refuser ou de supprimer les cookies, notamment en s\u00e9lectionnant les param\u00e8tres appropri\u00e9s dans le respectif navigateur. Vous pouvez param\u00e9trer les cookies dans le menu \u00ab\u00a0options\u00a0\u00bb ou \u00ab\u00a0pr\u00e9f\u00e9rences\u00a0\u00bb de votre navigateur.<\/p>\n<p>Il convient toutefois de noter qu&rsquo;en d\u00e9sactivant les cookies, cela peut emp\u00eacher le bon fonctionnement de certains services Web, affectant, partiellement ou totalement, la navigation sur le site Web.<\/p>\n<p><strong>Liens?<\/strong><\/p>\n<p>Pour plus d&rsquo;informations sur les cookies et leur utilisation, nous vous sugg\u00e9rons de consulter le lien suivant: <a href=\"http:\/\/www.youronlinechoices.com\/fr\/\" target=\"_blank\" rel=\"noopener\">http:\/\/www.youronlinechoices.com\/fr\/<\/a><\/p>\n\n<\/div><!-- .vgblk-rw-wrapper -->","protected":false},"excerpt":{"rendered":"<p>1. Engagements du QH HOTELS &#8211; Praia de Quiaios La politique de confidentialit\u00e9 et protection des donn\u00e9es personnelles constitue un compromis fondamental du QH HOTELS &#8211; Praia de Quiaios envers ses clients et utilisateurs de ses produits et services. Le QH HOTELS &#8211; Praia de Quiaios conseille la lecture de cette politique de confidentialit\u00e9 et&#8230;<\/p>\n","protected":false},"author":1,"featured_media":0,"parent":0,"menu_order":0,"comment_status":"closed","ping_status":"closed","template":"","meta":{"inline_featured_image":false,"footnotes":""},"class_list":["post-993357","page","type-page","status-publish","hentry"],"jetpack_sharing_enabled":true,"_links":{"self":[{"href":"https:\/\/qhhotels.pt\/fr\/wp-json\/wp\/v2\/pages\/993357","targetHints":{"allow":["GET"]}}],"collection":[{"href":"https:\/\/qhhotels.pt\/fr\/wp-json\/wp\/v2\/pages"}],"about":[{"href":"https:\/\/qhhotels.pt\/fr\/wp-json\/wp\/v2\/types\/page"}],"author":[{"embeddable":true,"href":"https:\/\/qhhotels.pt\/fr\/wp-json\/wp\/v2\/users\/1"}],"replies":[{"embeddable":true,"href":"https:\/\/qhhotels.pt\/fr\/wp-json\/wp\/v2\/comments?post=993357"}],"version-history":[{"count":3,"href":"https:\/\/qhhotels.pt\/fr\/wp-json\/wp\/v2\/pages\/993357\/revisions"}],"predecessor-version":[{"id":993484,"href":"https:\/\/qhhotels.pt\/fr\/wp-json\/wp\/v2\/pages\/993357\/revisions\/993484"}],"wp:attachment":[{"href":"https:\/\/qhhotels.pt\/fr\/wp-json\/wp\/v2\/media?parent=993357"}],"curies":[{"name":"wp","href":"https:\/\/api.w.org\/{rel}","templated":true}]}}