{"id":993536,"date":"2023-02-22T12:04:54","date_gmt":"2023-02-22T12:04:54","guid":{"rendered":"https:\/\/qhhotels.pt\/?page_id=993536"},"modified":"2025-07-17T15:44:37","modified_gmt":"2025-07-17T14:44:37","slug":"home","status":"publish","type":"page","link":"https:\/\/qhhotels.pt\/fr\/","title":{"rendered":"Home"},"content":{"rendered":"<div class=\"vgblk-rw-wrapper limit-wrapper\">\n<h1>\n\tMMYSTIQUE RENCONTRE ENTRE LA MER, LA MONTAGNE, LA CAMPAGNE ET LA VILLE!\n\t<\/h1>\n<h5>\n\t<b>Bienvenu au QH Praia de Quiaios<\/b>\n\t<\/h5>\n\t<p>Situ\u00e9 sur la plage de Quiaios, notre h\u00f4tel est l&rsquo;endroit parfait pour se d\u00e9tendre, explorer la nature et \u00e9chapper au stress de la vie quotidienne.<\/p>\n<p>R\u00e9cemment r\u00e9nov\u00e9, il met \u00e0 votre disposition une \u00e9quipe professionnelle et d\u00e9vou\u00e9e qui fera de votre s\u00e9jour une exp\u00e9rience m\u00e9morable.<\/p>\n\t<a href=\"https:\/\/qhhotels.pt\/fr\/alojamento\/\" target=\"_self\" role=\"button\">\n\t\t\t\t\tR\u00c9SERVER\n\t<\/a>\n<h2>\n\tServices\n\t<\/h2>\n\t<p>Pour toutes les occasions<\/p>\n<h2>\n\tH\u00e9bergemment\n\t<\/h2>\n\t<p>Pour des s\u00e9jours en toute tranquillit\u00e9<\/p>\n\t<meta itemprop=\"datePublished\" content=\"2023-02-17\" \/><meta itemprop=\"dateModified\" content=\"2024-03-27\" \/><meta itemprop=\"headline\" content=\"TWIN\"\/><meta itemprop=\"name\" content=\"QH Hotels\"\/><meta itemprop=\"url\" content=\"https:\/\/qhhotels.pt\/fr\/\"\/><meta itemprop=\"url\" content=\"https:\/\/qhhotels.pt\/wp-content\/uploads\/2021\/03\/logo-teste-final-cor.png\"\/><meta itemprop=\"url\" content=\"https:\/\/qhhotels.pt\/fr\/author\/userquiaioshotel\/\" \/><meta itemprop=\"name\" content=\"userquiaioshotel\" \/><meta itemprop=\"url\" content=\"https:\/\/qhhotels.pt\/wp-content\/uploads\/2021\/06\/TWIN-202_0-scaled.jpg\" \/><meta itemprop=\"width\" content=\"2560\" \/><meta itemprop=\"height\" content=\"1707\" \/><meta itemprop=\"interactionType\" content=\"http:\/\/schema.org\/CommentAction\" \/><meta itemprop=\"userInteractionCount\" content=\"0\" \/>\t\n\t\t\t\t\t\t\t\t\t\t\t<a href=\"https:\/\/qhhotels.pt\/fr\/rooms\/twin\/\" title=\"TWIN\">\n\t\t\t\t\t\t\t<img width=\"420\" height=\"323\" src=\"https:\/\/qhhotels.pt\/wp-content\/uploads\/2021\/06\/TWIN-202_0-420x323.jpg\" alt=\"\" decoding=\"async\" loading=\"lazy\" srcset=\"https:\/\/qhhotels.pt\/wp-content\/uploads\/2021\/06\/TWIN-202_0-420x323.jpg 420w, https:\/\/qhhotels.pt\/wp-content\/uploads\/2021\/06\/TWIN-202_0-1260x969.jpg 1260w, https:\/\/qhhotels.pt\/wp-content\/uploads\/2021\/06\/TWIN-202_0-630x484.jpg 630w, https:\/\/qhhotels.pt\/wp-content\/uploads\/2021\/06\/TWIN-202_0-840x646.jpg 840w, https:\/\/qhhotels.pt\/wp-content\/uploads\/2021\/06\/TWIN-202_0-315x242.jpg 315w\" sizes=\"auto, (min-width: 900px) 50vw, 100vw\" data-attachment-id=\"993194\" data-permalink=\"https:\/\/qhhotels.pt\/fr\/rooms\/twin\/twin-202_0-2\/\" data-orig-file=\"https:\/\/qhhotels.pt\/wp-content\/uploads\/2021\/06\/TWIN-202_0-scaled.jpg\" data-orig-size=\"2560,1707\" data-comments-opened=\"0\" data-image-meta=\"{&quot;aperture&quot;:&quot;0&quot;,&quot;credit&quot;:&quot;&quot;,&quot;camera&quot;:&quot;&quot;,&quot;caption&quot;:&quot;&quot;,&quot;created_timestamp&quot;:&quot;0&quot;,&quot;copyright&quot;:&quot;&quot;,&quot;focal_length&quot;:&quot;0&quot;,&quot;iso&quot;:&quot;0&quot;,&quot;shutter_speed&quot;:&quot;0&quot;,&quot;title&quot;:&quot;&quot;,&quot;orientation&quot;:&quot;0&quot;}\" data-image-title=\"TWIN 202_0\" data-image-description=\"\" data-image-caption=\"\" data-medium-file=\"https:\/\/qhhotels.pt\/wp-content\/uploads\/2021\/06\/TWIN-202_0-300x200.jpg\" data-large-file=\"https:\/\/qhhotels.pt\/wp-content\/uploads\/2021\/06\/TWIN-202_0-1024x683.jpg\" \/>\t\t\t\t\t\t\tvamtam-theme-circle-post\t\t\t\t\t\t<\/a>\n\t\t\t\t\t\t\t\t<header>\n\t\t\t<h3>\n\t\t\t\t<a href=\"https:\/\/qhhotels.pt\/fr\/rooms\/twin\/\" title=\"TWIN\">TWIN<\/a>\n\t\t\t<\/h3>\n\t<\/header>\n\t\t\t\t\t\t\n\t\t\t\tLumineuse et accueillante, cette chambre dispose de deux lits simples, salle de bain priv\u00e9e enti\u00e8rement \u00e9quip\u00e9e, climatisation, minibar, t\u00e9l\u00e9vision LCD&#8230;\t\t\t\n\t\t\t\t<a href=\"https:\/\/qhhotels.pt\/fr\/rooms\/twin\/\">V\u00c9RIFIER LA DISPONIBILIT\u00c9<\/a>\n\t\tTWIN\t\n\t<meta itemprop=\"datePublished\" content=\"2021-06-08\" \/><meta itemprop=\"dateModified\" content=\"2024-03-27\" \/><meta itemprop=\"headline\" content=\"DOUBLE\"\/><meta itemprop=\"name\" content=\"QH Hotels\"\/><meta itemprop=\"url\" content=\"https:\/\/qhhotels.pt\/fr\/\"\/><meta itemprop=\"url\" content=\"https:\/\/qhhotels.pt\/wp-content\/uploads\/2021\/03\/logo-teste-final-cor.png\"\/><meta itemprop=\"url\" content=\"https:\/\/qhhotels.pt\/fr\/author\/userquiaioshotel\/\" \/><meta itemprop=\"name\" content=\"userquiaioshotel\" \/><meta itemprop=\"url\" content=\"https:\/\/qhhotels.pt\/wp-content\/uploads\/2021\/06\/Double-219_0-scaled.jpg\" \/><meta itemprop=\"width\" content=\"2560\" \/><meta itemprop=\"height\" content=\"1707\" \/><meta itemprop=\"interactionType\" content=\"http:\/\/schema.org\/CommentAction\" \/><meta itemprop=\"userInteractionCount\" content=\"0\" \/>\t\n\t\t\t\t\t\t\t\t\t\t\t<a href=\"https:\/\/qhhotels.pt\/fr\/rooms\/duplo\/\" title=\"DOUBLE\">\n\t\t\t\t\t\t\t<img width=\"420\" height=\"323\" src=\"https:\/\/qhhotels.pt\/wp-content\/uploads\/2021\/06\/Double-219_0-420x323.jpg\" alt=\"\" decoding=\"async\" loading=\"lazy\" srcset=\"https:\/\/qhhotels.pt\/wp-content\/uploads\/2021\/06\/Double-219_0-420x323.jpg 420w, https:\/\/qhhotels.pt\/wp-content\/uploads\/2021\/06\/Double-219_0-1260x969.jpg 1260w, https:\/\/qhhotels.pt\/wp-content\/uploads\/2021\/06\/Double-219_0-630x484.jpg 630w, https:\/\/qhhotels.pt\/wp-content\/uploads\/2021\/06\/Double-219_0-840x646.jpg 840w, https:\/\/qhhotels.pt\/wp-content\/uploads\/2021\/06\/Double-219_0-315x242.jpg 315w\" sizes=\"auto, (min-width: 900px) 50vw, 100vw\" data-attachment-id=\"991228\" data-permalink=\"https:\/\/qhhotels.pt\/fr\/rooms\/duplo\/double-219_0\/\" data-orig-file=\"https:\/\/qhhotels.pt\/wp-content\/uploads\/2021\/06\/Double-219_0-scaled.jpg\" data-orig-size=\"2560,1707\" data-comments-opened=\"0\" data-image-meta=\"{&quot;aperture&quot;:&quot;0&quot;,&quot;credit&quot;:&quot;&quot;,&quot;camera&quot;:&quot;&quot;,&quot;caption&quot;:&quot;&quot;,&quot;created_timestamp&quot;:&quot;0&quot;,&quot;copyright&quot;:&quot;&quot;,&quot;focal_length&quot;:&quot;0&quot;,&quot;iso&quot;:&quot;0&quot;,&quot;shutter_speed&quot;:&quot;0&quot;,&quot;title&quot;:&quot;&quot;,&quot;orientation&quot;:&quot;0&quot;}\" data-image-title=\"Double 219_0\" data-image-description=\"\" data-image-caption=\"\" data-medium-file=\"https:\/\/qhhotels.pt\/wp-content\/uploads\/2021\/06\/Double-219_0-300x200.jpg\" data-large-file=\"https:\/\/qhhotels.pt\/wp-content\/uploads\/2021\/06\/Double-219_0-1024x683.jpg\" \/>\t\t\t\t\t\t\tvamtam-theme-circle-post\t\t\t\t\t\t<\/a>\n\t\t\t\t\t\t\t\t<header>\n\t\t\t<h3>\n\t\t\t\t<a href=\"https:\/\/qhhotels.pt\/fr\/rooms\/duplo\/\" title=\"DOUBLE\">DOUBLE<\/a>\n\t\t\t<\/h3>\n\t<\/header>\n\t\t\t\t\t\t\n\t\t\t\tLumineuse et accueillante, cette chambre dispose d&rsquo;un double lit, salle de bain priv\u00e9e enti\u00e8rement \u00e9quip\u00e9e, climatisation, minibar, t\u00e9l\u00e9vision LCD HD&#8230;\t\t\t\n\t\t\t\t<a href=\"https:\/\/qhhotels.pt\/fr\/rooms\/duplo\/\">V\u00c9RIFIER LA DISPONIBILIT\u00c9<\/a>\n\t\tDOUBLE\t\n\t<meta itemprop=\"datePublished\" content=\"2021-04-28\" \/><meta itemprop=\"dateModified\" content=\"2024-03-27\" \/><meta itemprop=\"headline\" content=\"INDIVIDUELLE\"\/><meta itemprop=\"name\" content=\"QH Hotels\"\/><meta itemprop=\"url\" content=\"https:\/\/qhhotels.pt\/fr\/\"\/><meta itemprop=\"url\" content=\"https:\/\/qhhotels.pt\/wp-content\/uploads\/2021\/03\/logo-teste-final-cor.png\"\/><meta itemprop=\"url\" content=\"https:\/\/qhhotels.pt\/fr\/author\/userquiaioshotel\/\" \/><meta itemprop=\"name\" content=\"userquiaioshotel\" \/><meta itemprop=\"url\" content=\"https:\/\/qhhotels.pt\/wp-content\/uploads\/2021\/04\/Single-121_0-scaled.jpg\" \/><meta itemprop=\"width\" content=\"2560\" \/><meta itemprop=\"height\" content=\"1707\" \/><meta itemprop=\"interactionType\" content=\"http:\/\/schema.org\/CommentAction\" \/><meta itemprop=\"userInteractionCount\" content=\"0\" \/>\t\n\t\t\t\t\t\t\t\t\t\t\t<a href=\"https:\/\/qhhotels.pt\/fr\/rooms\/single\/\" title=\"INDIVIDUELLE\">\n\t\t\t\t\t\t\t<img width=\"420\" height=\"323\" src=\"https:\/\/qhhotels.pt\/wp-content\/uploads\/2021\/04\/Single-121_0-420x323.jpg\" alt=\"\" decoding=\"async\" loading=\"lazy\" srcset=\"https:\/\/qhhotels.pt\/wp-content\/uploads\/2021\/04\/Single-121_0-420x323.jpg 420w, https:\/\/qhhotels.pt\/wp-content\/uploads\/2021\/04\/Single-121_0-1260x969.jpg 1260w, https:\/\/qhhotels.pt\/wp-content\/uploads\/2021\/04\/Single-121_0-630x484.jpg 630w, https:\/\/qhhotels.pt\/wp-content\/uploads\/2021\/04\/Single-121_0-840x646.jpg 840w, https:\/\/qhhotels.pt\/wp-content\/uploads\/2021\/04\/Single-121_0-315x242.jpg 315w\" sizes=\"auto, (min-width: 900px) 50vw, 100vw\" data-attachment-id=\"991254\" data-permalink=\"https:\/\/qhhotels.pt\/fr\/rooms\/single\/single-121_0\/\" data-orig-file=\"https:\/\/qhhotels.pt\/wp-content\/uploads\/2021\/04\/Single-121_0-scaled.jpg\" data-orig-size=\"2560,1707\" data-comments-opened=\"0\" data-image-meta=\"{&quot;aperture&quot;:&quot;0&quot;,&quot;credit&quot;:&quot;&quot;,&quot;camera&quot;:&quot;&quot;,&quot;caption&quot;:&quot;&quot;,&quot;created_timestamp&quot;:&quot;0&quot;,&quot;copyright&quot;:&quot;&quot;,&quot;focal_length&quot;:&quot;0&quot;,&quot;iso&quot;:&quot;0&quot;,&quot;shutter_speed&quot;:&quot;0&quot;,&quot;title&quot;:&quot;&quot;,&quot;orientation&quot;:&quot;0&quot;}\" data-image-title=\"Single 121_0\" data-image-description=\"\" data-image-caption=\"\" data-medium-file=\"https:\/\/qhhotels.pt\/wp-content\/uploads\/2021\/04\/Single-121_0-300x200.jpg\" data-large-file=\"https:\/\/qhhotels.pt\/wp-content\/uploads\/2021\/04\/Single-121_0-1024x683.jpg\" \/>\t\t\t\t\t\t\tvamtam-theme-circle-post\t\t\t\t\t\t<\/a>\n\t\t\t\t\t\t\t\t<header>\n\t\t\t<h3>\n\t\t\t\t<a href=\"https:\/\/qhhotels.pt\/fr\/rooms\/single\/\" title=\"INDIVIDUELLE\">INDIVIDUELLE<\/a>\n\t\t\t<\/h3>\n\t<\/header>\n\t\t\t\t\t\t\n\t\t\t\tLumineuse et accueillante, cette chambre dispose de deux lits simples ou d&rsquo;un double lit, salle de bain priv\u00e9e enti\u00e8rement \u00e9quip\u00e9e,&#8230;\t\t\t\n\t\t\t\t<a href=\"https:\/\/qhhotels.pt\/fr\/rooms\/single\/\">V\u00c9RIFIER LA DISPONIBILIT\u00c9<\/a>\n\t\tINDIVIDUELLE\t\n\t<meta itemprop=\"datePublished\" content=\"2021-04-28\" \/><meta itemprop=\"dateModified\" content=\"2024-03-27\" \/><meta itemprop=\"headline\" content=\"TRIPLE\"\/><meta itemprop=\"name\" content=\"QH Hotels\"\/><meta itemprop=\"url\" content=\"https:\/\/qhhotels.pt\/fr\/\"\/><meta itemprop=\"url\" content=\"https:\/\/qhhotels.pt\/wp-content\/uploads\/2021\/03\/logo-teste-final-cor.png\"\/><meta itemprop=\"url\" content=\"https:\/\/qhhotels.pt\/fr\/author\/userquiaioshotel\/\" \/><meta itemprop=\"name\" content=\"userquiaioshotel\" \/><meta itemprop=\"url\" content=\"https:\/\/qhhotels.pt\/wp-content\/uploads\/2021\/04\/Triplo-206_0-scaled.jpg\" \/><meta itemprop=\"width\" content=\"2560\" \/><meta itemprop=\"height\" content=\"1707\" \/><meta itemprop=\"interactionType\" content=\"http:\/\/schema.org\/CommentAction\" \/><meta itemprop=\"userInteractionCount\" content=\"0\" \/>\t\n\t\t\t\t\t\t\t\t\t\t\t<a href=\"https:\/\/qhhotels.pt\/fr\/rooms\/triplo\/\" title=\"TRIPLE\">\n\t\t\t\t\t\t\t<img width=\"420\" height=\"323\" src=\"https:\/\/qhhotels.pt\/wp-content\/uploads\/2021\/04\/Triplo-206_0-420x323.jpg\" alt=\"\" decoding=\"async\" loading=\"lazy\" srcset=\"https:\/\/qhhotels.pt\/wp-content\/uploads\/2021\/04\/Triplo-206_0-420x323.jpg 420w, https:\/\/qhhotels.pt\/wp-content\/uploads\/2021\/04\/Triplo-206_0-1260x969.jpg 1260w, https:\/\/qhhotels.pt\/wp-content\/uploads\/2021\/04\/Triplo-206_0-630x484.jpg 630w, https:\/\/qhhotels.pt\/wp-content\/uploads\/2021\/04\/Triplo-206_0-840x646.jpg 840w, https:\/\/qhhotels.pt\/wp-content\/uploads\/2021\/04\/Triplo-206_0-315x242.jpg 315w\" sizes=\"auto, (min-width: 900px) 50vw, 100vw\" data-attachment-id=\"991336\" data-permalink=\"https:\/\/qhhotels.pt\/fr\/rooms\/triplo\/triplo-206_0\/\" data-orig-file=\"https:\/\/qhhotels.pt\/wp-content\/uploads\/2021\/04\/Triplo-206_0-scaled.jpg\" data-orig-size=\"2560,1707\" data-comments-opened=\"0\" data-image-meta=\"{&quot;aperture&quot;:&quot;0&quot;,&quot;credit&quot;:&quot;&quot;,&quot;camera&quot;:&quot;&quot;,&quot;caption&quot;:&quot;&quot;,&quot;created_timestamp&quot;:&quot;0&quot;,&quot;copyright&quot;:&quot;&quot;,&quot;focal_length&quot;:&quot;0&quot;,&quot;iso&quot;:&quot;0&quot;,&quot;shutter_speed&quot;:&quot;0&quot;,&quot;title&quot;:&quot;&quot;,&quot;orientation&quot;:&quot;0&quot;}\" data-image-title=\"Triplo 206_0\" data-image-description=\"\" data-image-caption=\"\" data-medium-file=\"https:\/\/qhhotels.pt\/wp-content\/uploads\/2021\/04\/Triplo-206_0-300x200.jpg\" data-large-file=\"https:\/\/qhhotels.pt\/wp-content\/uploads\/2021\/04\/Triplo-206_0-1024x683.jpg\" \/>\t\t\t\t\t\t\tvamtam-theme-circle-post\t\t\t\t\t\t<\/a>\n\t\t\t\t\t\t\t\t<header>\n\t\t\t<h3>\n\t\t\t\t<a href=\"https:\/\/qhhotels.pt\/fr\/rooms\/triplo\/\" title=\"TRIPLE\">TRIPLE<\/a>\n\t\t\t<\/h3>\n\t<\/header>\n\t\t\t\t\t\t\n\t\t\t\tAvec vue sur la mer ou sur le jardin, cette chambre spacieuse dispose de trois lits simples, salle de bain&#8230;\t\t\t\n\t\t\t\t<a href=\"https:\/\/qhhotels.pt\/fr\/rooms\/triplo\/\">V\u00c9RIFIER LA DISPONIBILIT\u00c9<\/a>\n\t\tTRIPLE\t\n\t<meta itemprop=\"datePublished\" content=\"2021-04-28\" \/><meta itemprop=\"dateModified\" content=\"2024-03-27\" \/><meta itemprop=\"headline\" content=\"SUITE JUNIOR\"\/><meta itemprop=\"name\" content=\"QH Hotels\"\/><meta itemprop=\"url\" content=\"https:\/\/qhhotels.pt\/fr\/\"\/><meta itemprop=\"url\" content=\"https:\/\/qhhotels.pt\/wp-content\/uploads\/2021\/03\/logo-teste-final-cor.png\"\/><meta itemprop=\"url\" content=\"https:\/\/qhhotels.pt\/fr\/author\/userquiaioshotel\/\" \/><meta itemprop=\"name\" content=\"userquiaioshotel\" \/><meta itemprop=\"url\" content=\"https:\/\/qhhotels.pt\/wp-content\/uploads\/2021\/04\/Suite-Junior-218_0-scaled.jpg\" \/><meta itemprop=\"width\" content=\"2560\" \/><meta itemprop=\"height\" content=\"1707\" \/><meta itemprop=\"interactionType\" content=\"http:\/\/schema.org\/CommentAction\" \/><meta itemprop=\"userInteractionCount\" content=\"0\" \/>\t\n\t\t\t\t\t\t\t\t\t\t\t<a href=\"https:\/\/qhhotels.pt\/fr\/rooms\/duplo-premium\/\" title=\"SUITE JUNIOR\">\n\t\t\t\t\t\t\t<img width=\"420\" height=\"323\" src=\"https:\/\/qhhotels.pt\/wp-content\/uploads\/2021\/04\/Suite-Junior-218_0-420x323.jpg\" alt=\"\" decoding=\"async\" loading=\"lazy\" srcset=\"https:\/\/qhhotels.pt\/wp-content\/uploads\/2021\/04\/Suite-Junior-218_0-420x323.jpg 420w, https:\/\/qhhotels.pt\/wp-content\/uploads\/2021\/04\/Suite-Junior-218_0-1260x969.jpg 1260w, https:\/\/qhhotels.pt\/wp-content\/uploads\/2021\/04\/Suite-Junior-218_0-630x484.jpg 630w, https:\/\/qhhotels.pt\/wp-content\/uploads\/2021\/04\/Suite-Junior-218_0-840x646.jpg 840w, https:\/\/qhhotels.pt\/wp-content\/uploads\/2021\/04\/Suite-Junior-218_0-315x242.jpg 315w\" sizes=\"auto, (min-width: 900px) 50vw, 100vw\" data-attachment-id=\"991364\" data-permalink=\"https:\/\/qhhotels.pt\/fr\/rooms\/junior-suite\/suite-junior-218_0\/\" data-orig-file=\"https:\/\/qhhotels.pt\/wp-content\/uploads\/2021\/04\/Suite-Junior-218_0-scaled.jpg\" data-orig-size=\"2560,1707\" data-comments-opened=\"0\" data-image-meta=\"{&quot;aperture&quot;:&quot;0&quot;,&quot;credit&quot;:&quot;&quot;,&quot;camera&quot;:&quot;&quot;,&quot;caption&quot;:&quot;&quot;,&quot;created_timestamp&quot;:&quot;0&quot;,&quot;copyright&quot;:&quot;&quot;,&quot;focal_length&quot;:&quot;0&quot;,&quot;iso&quot;:&quot;0&quot;,&quot;shutter_speed&quot;:&quot;0&quot;,&quot;title&quot;:&quot;&quot;,&quot;orientation&quot;:&quot;0&quot;}\" data-image-title=\"Suite Junior 218_0\" data-image-description=\"\" data-image-caption=\"\" data-medium-file=\"https:\/\/qhhotels.pt\/wp-content\/uploads\/2021\/04\/Suite-Junior-218_0-300x200.jpg\" data-large-file=\"https:\/\/qhhotels.pt\/wp-content\/uploads\/2021\/04\/Suite-Junior-218_0-1024x683.jpg\" \/>\t\t\t\t\t\t\tvamtam-theme-circle-post\t\t\t\t\t\t<\/a>\n\t\t\t\t\t\t\t\t<header>\n\t\t\t<h3>\n\t\t\t\t<a href=\"https:\/\/qhhotels.pt\/fr\/rooms\/duplo-premium\/\" title=\"SUITE JUNIOR\">SUITE JUNIOR<\/a>\n\t\t\t<\/h3>\n\t<\/header>\n\t\t\t\t\t\t\n\t\t\t\tCette suite dispose de deux lits individuels ou d&rsquo;un lit double, salle de bain priv\u00e9e enti\u00e8rement \u00e9quip\u00e9e, climatisation, minibar, t\u00e9l\u00e9vision&#8230;\t\t\t\n\t\t\t\t<a href=\"https:\/\/qhhotels.pt\/fr\/rooms\/duplo-premium\/\">V\u00c9RIFIER LA DISPONIBILIT\u00c9<\/a>\n\t\tSUITE JUNIOR\t\n\t\t\t\t<h3>\n\t\t\t\t\tD\u00e9couvrez toutes nos<br \/>options d&rsquo;h\u00e9bergemment.<br \/>\n\t\t\t\t<\/h3>\n\t\t\t\t\t<h6>\n\t\t\t\t\t\t<a href=\"https:\/\/qhhotels.pt\/fr\/alojamento\/\" title=\"Cliquez ici \u2192\" target=\"_self\">\n\t\t\t\t\t\t\tCliquez ici \u2192\n\t\t\t\t\t\t<\/a>\n\t\t\t\t\t<\/h6>\n<h2>\n\tOffres\n\t<\/h2>\n\t<p>Pour tous les go\u00fbts<\/p>\n<h2>\n\t\u00c0 la d\u00e9couverte&#8230;\n\t<\/h2>\n\t<p>Les charmes de notre r\u00e9gion<\/p>\n<h4>\n\tAbonnez-vous pour conna\u00eetre les derni\u00e8res offres!\n\t<\/h4>\n\t\n<div class=\"wpcf7 no-js\" id=\"wpcf7-f993327-o1\" lang=\"pt-PT\" dir=\"ltr\" data-wpcf7-id=\"993327\">\n<div class=\"screen-reader-response\"><p role=\"status\" aria-live=\"polite\" aria-atomic=\"true\"><\/p> <ul><\/ul><\/div>\n<form action=\"\/fr\/wp-json\/wp\/v2\/pages\/993536#wpcf7-f993327-o1\" method=\"post\" class=\"wpcf7-form init\" aria-label=\"Formul\u00e1rio de contacto\" novalidate=\"novalidate\" data-status=\"init\">\n<fieldset class=\"hidden-fields-container\"><input type=\"hidden\" name=\"_wpcf7\" value=\"993327\" \/><input type=\"hidden\" name=\"_wpcf7_version\" value=\"6.1.5\" \/><input type=\"hidden\" name=\"_wpcf7_locale\" value=\"pt_PT\" \/><input type=\"hidden\" name=\"_wpcf7_unit_tag\" value=\"wpcf7-f993327-o1\" \/><input type=\"hidden\" name=\"_wpcf7_container_post\" value=\"0\" \/><input type=\"hidden\" name=\"_wpcf7_posted_data_hash\" value=\"\" \/><input type=\"hidden\" name=\"_wpcf7_recaptcha_response\" value=\"\" \/>\n<\/fieldset>\n<p><input type=\"hidden\" name=\"your-subject\" value=\"Subscri\u00e7\u00e3o de \u00daltimas Ofertas\" \/>\n<\/p>\n<div class=\"fusion-one-half fusion-layout-column fusion-spacing-yes\" style=\"width: 68%;\">\n\t<p><span class=\"wpcf7-form-control-wrap\" data-name=\"your-email\"><input size=\"40\" maxlength=\"400\" class=\"wpcf7-form-control wpcf7-email wpcf7-validates-as-required wpcf7-text wpcf7-validates-as-email\" id=\"select-email-subscricao\" aria-required=\"true\" aria-invalid=\"false\" placeholder=\"E-mail\" value=\"\" type=\"email\" name=\"your-email\" \/><\/span>\n\t<\/p>\n<\/div>\n<div class=\"fusion-one-half fusion-layout-column fusion-column-last fusion-spacing-yes\" style=\"max-width: 130px;\">\n\t<p><input class=\"wpcf7-form-control wpcf7-submit has-spinner btn btn-primary\" id=\"btn-enviar-formulario-ultimas-ofertas\" type=\"submit\" value=\"S&#039;ABONNER\" \/>\n\t<\/p>\n<\/div><div class=\"wpcf7-response-output\" aria-hidden=\"true\"><\/div>\n<\/form>\n<\/div>\n\n\n<\/div><!-- .vgblk-rw-wrapper -->","protected":false},"excerpt":{"rendered":"<p>MMYSTIQUE RENCONTRE ENTRE LA MER, LA MONTAGNE, LA CAMPAGNE ET LA VILLE! Bienvenu au QH Praia de Quiaios Situ\u00e9 sur la plage de Quiaios, notre h\u00f4tel est l&rsquo;endroit parfait pour se d\u00e9tendre, explorer la nature et \u00e9chapper au stress de la vie quotidienne. R\u00e9cemment r\u00e9nov\u00e9, il met \u00e0 votre disposition une \u00e9quipe professionnelle et d\u00e9vou\u00e9e&#8230;<\/p>\n","protected":false},"author":1,"featured_media":0,"parent":0,"menu_order":0,"comment_status":"closed","ping_status":"closed","template":"","meta":{"inline_featured_image":false,"footnotes":""},"class_list":["post-993536","page","type-page","status-publish","hentry"],"jetpack_sharing_enabled":true,"_links":{"self":[{"href":"https:\/\/qhhotels.pt\/fr\/wp-json\/wp\/v2\/pages\/993536","targetHints":{"allow":["GET"]}}],"collection":[{"href":"https:\/\/qhhotels.pt\/fr\/wp-json\/wp\/v2\/pages"}],"about":[{"href":"https:\/\/qhhotels.pt\/fr\/wp-json\/wp\/v2\/types\/page"}],"author":[{"embeddable":true,"href":"https:\/\/qhhotels.pt\/fr\/wp-json\/wp\/v2\/users\/1"}],"replies":[{"embeddable":true,"href":"https:\/\/qhhotels.pt\/fr\/wp-json\/wp\/v2\/comments?post=993536"}],"version-history":[{"count":13,"href":"https:\/\/qhhotels.pt\/fr\/wp-json\/wp\/v2\/pages\/993536\/revisions"}],"predecessor-version":[{"id":996721,"href":"https:\/\/qhhotels.pt\/fr\/wp-json\/wp\/v2\/pages\/993536\/revisions\/996721"}],"wp:attachment":[{"href":"https:\/\/qhhotels.pt\/fr\/wp-json\/wp\/v2\/media?parent=993536"}],"curies":[{"name":"wp","href":"https:\/\/api.w.org\/{rel}","templated":true}]}}